{"id":558,"date":"2023-09-20T16:28:35","date_gmt":"2023-09-20T14:28:35","guid":{"rendered":"https:\/\/dev.h-tag.ch\/haeusermann-taskmanagement\/"},"modified":"2023-09-22T15:52:38","modified_gmt":"2023-09-22T13:52:38","slug":"haeusermann-taskmanagement","status":"publish","type":"page","link":"https:\/\/dev.h-tag.ch\/en\/","title":{"rendered":"H\u00e4usermann Taskmanagement"},"content":{"rendered":"\t\t<div data-elementor-type=\"wp-page\" data-elementor-id=\"558\" class=\"elementor elementor-558 elementor-57\" data-elementor-post-type=\"page\">\n\t\t\t\t\t\t\t<div class=\"elementor-element elementor-element-3ddcd56d e-con-full e-flex e-con e-parent\" data-id=\"3ddcd56d\" data-element_type=\"container\" data-settings=\"{&quot;background_background&quot;:&quot;classic&quot;,&quot;content_width&quot;:&quot;full&quot;}\" data-core-v316-plus=\"true\">\n\t\t<div class=\"elementor-element elementor-element-683bfc8d e-con-full e-flex e-con e-child\" data-id=\"683bfc8d\" data-element_type=\"container\" data-settings=\"{&quot;content_width&quot;:&quot;full&quot;}\">\n\t\t\t\t<div class=\"elementor-element elementor-element-582a44d3 elementor-widget elementor-widget-heading\" data-id=\"582a44d3\" data-element_type=\"widget\" data-widget_type=\"heading.default\">\n\t\t\t\t<div class=\"elementor-widget-container\">\n\t\t\t<style>\/*! elementor - v3.16.0 - 20-09-2023 *\/\n.elementor-heading-title{padding:0;margin:0;line-height:1}.elementor-widget-heading .elementor-heading-title[class*=elementor-size-]>a{color:inherit;font-size:inherit;line-height:inherit}.elementor-widget-heading .elementor-heading-title.elementor-size-small{font-size:15px}.elementor-widget-heading .elementor-heading-title.elementor-size-medium{font-size:19px}.elementor-widget-heading .elementor-heading-title.elementor-size-large{font-size:29px}.elementor-widget-heading .elementor-heading-title.elementor-size-xl{font-size:39px}.elementor-widget-heading .elementor-heading-title.elementor-size-xxl{font-size:59px}<\/style><h1 class=\"elementor-heading-title elementor-size-default\">Welcome to H\u00e4usermann Taskmanagement<\/h1>\t\t<\/div>\n\t\t\t\t<\/div>\n\t\t\t\t<div class=\"elementor-element elementor-element-15b11b70 elementor-widget elementor-widget-text-editor\" data-id=\"15b11b70\" data-element_type=\"widget\" data-widget_type=\"text-editor.default\">\n\t\t\t\t<div class=\"elementor-widget-container\">\n\t\t\t<style>\/*! elementor - v3.16.0 - 20-09-2023 *\/\n.elementor-widget-text-editor.elementor-drop-cap-view-stacked .elementor-drop-cap{background-color:#69727d;color:#fff}.elementor-widget-text-editor.elementor-drop-cap-view-framed .elementor-drop-cap{color:#69727d;border:3px solid;background-color:transparent}.elementor-widget-text-editor:not(.elementor-drop-cap-view-default) .elementor-drop-cap{margin-top:8px}.elementor-widget-text-editor:not(.elementor-drop-cap-view-default) .elementor-drop-cap-letter{width:1em;height:1em}.elementor-widget-text-editor .elementor-drop-cap{float:left;text-align:center;line-height:1;font-size:50px}.elementor-widget-text-editor .elementor-drop-cap-letter{display:inline-block}<\/style>\t\t\t\t<p>H\u00e4usermann Taskmanagement AG was established in July 2003 to offer optimal short-term support to companies and corporations which find themselves in challenging situations where resources are critical. If necessary, this support may go on longer-term.<\/p>\n<ul>\n<li><strong>Corporate Governance<\/strong>: Interim management and appointments to Boards of Directors<\/li>\n<li><strong>Project management<\/strong>: change management, feasibility studies<\/li>\n<li><strong>Business development<\/strong>: Product development, Brand positioning, Distribution<\/li>\n<li><strong>CFO role<\/strong>: M&amp;A process, due diligence, Cost and Margin management, Risk<\/li>\n<\/ul>\n\t\t\t\t\t\t<\/div>\n\t\t\t\t<\/div>\n\t\t\t\t<div class=\"elementor-element elementor-element-73132bd elementor-widget elementor-widget-button\" data-id=\"73132bd\" data-element_type=\"widget\" data-widget_type=\"button.default\">\n\t\t\t\t<div class=\"elementor-widget-container\">\n\t\t\t\t\t<div class=\"elementor-button-wrapper\">\n\t\t\t<a class=\"elementor-button elementor-button-link elementor-size-sm\" href=\"https:\/\/dev.h-tag.ch\/en\/contact-us\/\">\n\t\t\t\t\t\t<span class=\"elementor-button-content-wrapper\">\n\t\t\t\t\t\t<span class=\"elementor-button-text\">Contact us<\/span>\n\t\t<\/span>\n\t\t\t\t\t<\/a>\n\t\t<\/div>\n\t\t\t\t<\/div>\n\t\t\t\t<\/div>\n\t\t\t\t<\/div>\n\t\t<div class=\"elementor-element elementor-element-6fafecd7 e-con-full e-flex e-con e-child\" data-id=\"6fafecd7\" data-element_type=\"container\" data-settings=\"{&quot;content_width&quot;:&quot;full&quot;,&quot;background_background&quot;:&quot;classic&quot;}\">\n\t\t\t\t<\/div>\n\t\t\t\t<\/div>\n\t\t<div class=\"elementor-element elementor-element-216b32fe e-con-full e-flex e-con e-parent\" data-id=\"216b32fe\" data-element_type=\"container\" data-settings=\"{&quot;background_background&quot;:&quot;classic&quot;,&quot;content_width&quot;:&quot;full&quot;}\" data-core-v316-plus=\"true\">\n\t\t\t\t<div class=\"elementor-element elementor-element-42e4c49a elementor-widget elementor-widget-heading\" data-id=\"42e4c49a\" data-element_type=\"widget\" data-widget_type=\"heading.default\">\n\t\t\t\t<div class=\"elementor-widget-container\">\n\t\t\t<h4 class=\"elementor-heading-title elementor-size-default\">Some of our clients:<\/h4>\t\t<\/div>\n\t\t\t\t<\/div>\n\t\t\t\t<div class=\"elementor-element elementor-element-4b47a263 elementor-widget elementor-widget-image-carousel\" data-id=\"4b47a263\" data-element_type=\"widget\" data-settings=\"{&quot;slides_to_show&quot;:&quot;7&quot;,&quot;slides_to_show_tablet&quot;:&quot;3&quot;,&quot;slides_to_show_mobile&quot;:&quot;2&quot;,&quot;navigation&quot;:&quot;none&quot;,&quot;image_spacing_custom&quot;:{&quot;unit&quot;:&quot;px&quot;,&quot;size&quot;:64,&quot;sizes&quot;:[]},&quot;autoplay&quot;:&quot;yes&quot;,&quot;pause_on_hover&quot;:&quot;yes&quot;,&quot;pause_on_interaction&quot;:&quot;yes&quot;,&quot;autoplay_speed&quot;:5000,&quot;infinite&quot;:&quot;yes&quot;,&quot;speed&quot;:500,&quot;image_spacing_custom_tablet&quot;:{&quot;unit&quot;:&quot;px&quot;,&quot;size&quot;:&quot;&quot;,&quot;sizes&quot;:[]},&quot;image_spacing_custom_mobile&quot;:{&quot;unit&quot;:&quot;px&quot;,&quot;size&quot;:&quot;&quot;,&quot;sizes&quot;:[]}}\" data-widget_type=\"image-carousel.default\">\n\t\t\t\t<div class=\"elementor-widget-container\">\n\t\t\t<style>\/*! elementor - v3.16.0 - 20-09-2023 *\/\n.elementor-widget-image-carousel .swiper,.elementor-widget-image-carousel .swiper-container{position:static}.elementor-widget-image-carousel .swiper-container .swiper-slide figure,.elementor-widget-image-carousel .swiper .swiper-slide figure{line-height:inherit}.elementor-widget-image-carousel .swiper-slide{text-align:center}.elementor-image-carousel-wrapper:not(.swiper-container-initialized):not(.swiper-initialized) .swiper-slide{max-width:calc(100% \/ var(--e-image-carousel-slides-to-show, 3))}<\/style>\t\t<div class=\"elementor-image-carousel-wrapper swiper\" dir=\"ltr\">\n\t\t\t<div class=\"elementor-image-carousel swiper-wrapper\" aria-live=\"off\">\n\t\t\t\t\t\t\t\t<div class=\"swiper-slide\" role=\"group\" aria-roledescription=\"slide\" aria-label=\"1 of 7\"><figure class=\"swiper-slide-inner\"><img decoding=\"async\" class=\"swiper-slide-image\" src=\"https:\/\/dev.h-tag.ch\/wp-content\/uploads\/2023\/09\/expo02.png\" alt=\"Expo.02\" \/><\/figure><\/div><div class=\"swiper-slide\" role=\"group\" aria-roledescription=\"slide\" aria-label=\"2 of 7\"><figure class=\"swiper-slide-inner\"><img decoding=\"async\" class=\"swiper-slide-image\" src=\"https:\/\/dev.h-tag.ch\/wp-content\/uploads\/2023\/09\/visilab.png\" alt=\"Visilab\" \/><\/figure><\/div><div class=\"swiper-slide\" role=\"group\" aria-roledescription=\"slide\" aria-label=\"3 of 7\"><figure class=\"swiper-slide-inner\"><img decoding=\"async\" class=\"swiper-slide-image\" src=\"https:\/\/dev.h-tag.ch\/wp-content\/uploads\/2023\/09\/dannemann.png\" alt=\"Burger und S\u00f6hne\" \/><\/figure><\/div><div class=\"swiper-slide\" role=\"group\" aria-roledescription=\"slide\" aria-label=\"4 of 7\"><figure class=\"swiper-slide-inner\"><img decoding=\"async\" class=\"swiper-slide-image\" src=\"https:\/\/dev.h-tag.ch\/wp-content\/uploads\/2023\/09\/3plus.png\" alt=\"3plus\" \/><\/figure><\/div><div class=\"swiper-slide\" role=\"group\" aria-roledescription=\"slide\" aria-label=\"5 of 7\"><figure class=\"swiper-slide-inner\"><img decoding=\"async\" class=\"swiper-slide-image\" src=\"https:\/\/dev.h-tag.ch\/wp-content\/uploads\/2023\/09\/Bundeslogo-schwarzweiss-negativ-mit-Filet-1.png\" alt=\"Bundesamt f\u00fcr Verkehr\" \/><\/figure><\/div><div class=\"swiper-slide\" role=\"group\" aria-roledescription=\"slide\" aria-label=\"6 of 7\"><figure class=\"swiper-slide-inner\"><img decoding=\"async\" class=\"swiper-slide-image\" src=\"https:\/\/dev.h-tag.ch\/wp-content\/uploads\/2023\/09\/swatchgroup2.png\" alt=\"Swatch Group\" \/><\/figure><\/div><div class=\"swiper-slide\" role=\"group\" aria-roledescription=\"slide\" aria-label=\"7 of 7\"><figure class=\"swiper-slide-inner\"><img decoding=\"async\" class=\"swiper-slide-image\" src=\"https:\/\/dev.h-tag.ch\/wp-content\/uploads\/2023\/09\/Monster.com_bw.png\" alt=\"Monster\" \/><\/figure><\/div>\t\t\t<\/div>\n\t\t\t\t\t\t\t\n\t\t\t\t\t\t\t\t\t<\/div>\n\t\t\t\t<\/div>\n\t\t\t\t<\/div>\n\t\t\t\t<\/div>\n\t\t\t\t\t\t\t<\/div>\n\t\t","protected":false},"excerpt":{"rendered":"<p>Welcome to H\u00e4usermann Taskmanagement H\u00e4usermann Taskmanagement AG was established in July 2003 to offer optimal short-term support to companies and corporations which find themselves in challenging situations where resources are critical. If necessary, this support may go on longer-term. Corporate Governance: Interim management and appointments to Boards of Directors Project management: change management, feasibility studies [&hellip;]<\/p>\n","protected":false},"author":1,"featured_media":0,"parent":0,"menu_order":0,"comment_status":"closed","ping_status":"closed","template":"elementor_header_footer","meta":{"footnotes":""},"class_list":["post-558","page","type-page","status-publish","hentry"],"yoast_head":"<!-- This site is optimized with the Yoast SEO plugin v21.2 - https:\/\/yoast.com\/wordpress\/plugins\/seo\/ -->\n<title>H\u00e4usermann Taskmanagement - H\u00e4usermann Taskmanagement AG<\/title>\n<meta name=\"robots\" content=\"noindex, follow, max-snippet:-1, max-image-preview:large, max-video-preview:-1\" \/>\n<meta property=\"og:locale\" content=\"en_US\" \/>\n<meta property=\"og:type\" content=\"article\" \/>\n<meta property=\"og:title\" content=\"H\u00e4usermann Taskmanagement - H\u00e4usermann Taskmanagement AG\" \/>\n<meta property=\"og:description\" content=\"Welcome to H\u00e4usermann Taskmanagement H\u00e4usermann Taskmanagement AG was established in July 2003 to offer optimal short-term support to companies and corporations which find themselves in challenging situations where resources are critical. If necessary, this support may go on longer-term. Corporate Governance: Interim management and appointments to Boards of Directors Project management: change management, feasibility studies [&hellip;]\" \/>\n<meta property=\"og:url\" content=\"https:\/\/dev.h-tag.ch\/en\/\" \/>\n<meta property=\"og:site_name\" content=\"H\u00e4usermann Taskmanagement AG\" \/>\n<meta property=\"article:modified_time\" content=\"2023-09-22T13:52:38+00:00\" \/>\n<meta property=\"og:image\" content=\"https:\/\/dev.h-tag.ch\/wp-content\/uploads\/2023\/09\/expo02.png\" \/>\n<meta name=\"twitter:card\" content=\"summary_large_image\" \/>\n<script type=\"application\/ld+json\" class=\"yoast-schema-graph\">{\"@context\":\"https:\/\/schema.org\",\"@graph\":[{\"@type\":\"WebPage\",\"@id\":\"https:\/\/dev.h-tag.ch\/en\/\",\"url\":\"https:\/\/dev.h-tag.ch\/en\/\",\"name\":\"H\u00e4usermann Taskmanagement - H\u00e4usermann Taskmanagement AG\",\"isPartOf\":{\"@id\":\"https:\/\/dev.h-tag.ch\/en\/#website\"},\"datePublished\":\"2023-09-20T14:28:35+00:00\",\"dateModified\":\"2023-09-22T13:52:38+00:00\",\"breadcrumb\":{\"@id\":\"https:\/\/dev.h-tag.ch\/en\/#breadcrumb\"},\"inLanguage\":\"en-US\",\"potentialAction\":[{\"@type\":\"ReadAction\",\"target\":[\"https:\/\/dev.h-tag.ch\/en\/\"]}]},{\"@type\":\"BreadcrumbList\",\"@id\":\"https:\/\/dev.h-tag.ch\/en\/#breadcrumb\",\"itemListElement\":[{\"@type\":\"ListItem\",\"position\":1,\"name\":\"Startseite\",\"item\":\"https:\/\/dev.h-tag.ch\/en\/haeusermann-taskmanagement\/\"},{\"@type\":\"ListItem\",\"position\":2,\"name\":\"H\u00e4usermann Taskmanagement\"}]},{\"@type\":\"WebSite\",\"@id\":\"https:\/\/dev.h-tag.ch\/en\/#website\",\"url\":\"https:\/\/dev.h-tag.ch\/en\/\",\"name\":\"H\u00e4usermann Taskmanagement AG\",\"description\":\"\",\"publisher\":{\"@id\":\"https:\/\/dev.h-tag.ch\/en\/#organization\"},\"potentialAction\":[{\"@type\":\"SearchAction\",\"target\":{\"@type\":\"EntryPoint\",\"urlTemplate\":\"https:\/\/dev.h-tag.ch\/en\/?s={search_term_string}\"},\"query-input\":\"required name=search_term_string\"}],\"inLanguage\":\"en-US\"},{\"@type\":\"Organization\",\"@id\":\"https:\/\/dev.h-tag.ch\/en\/#organization\",\"name\":\"H\u00e4usermann Taskmanagement AG\",\"url\":\"https:\/\/dev.h-tag.ch\/en\/\",\"logo\":{\"@type\":\"ImageObject\",\"inLanguage\":\"en-US\",\"@id\":\"https:\/\/dev.h-tag.ch\/en\/#\/schema\/logo\/image\/\",\"url\":\"https:\/\/dev.h-tag.ch\/wp-content\/uploads\/2023\/09\/htag-logo.png\",\"contentUrl\":\"https:\/\/dev.h-tag.ch\/wp-content\/uploads\/2023\/09\/htag-logo.png\",\"width\":1836,\"height\":502,\"caption\":\"H\u00e4usermann Taskmanagement AG\"},\"image\":{\"@id\":\"https:\/\/dev.h-tag.ch\/en\/#\/schema\/logo\/image\/\"}}]}<\/script>\n<!-- \/ Yoast SEO plugin. -->","yoast_head_json":{"title":"H\u00e4usermann Taskmanagement - H\u00e4usermann Taskmanagement AG","robots":{"index":"noindex","follow":"follow","max-snippet":"max-snippet:-1","max-image-preview":"max-image-preview:large","max-video-preview":"max-video-preview:-1"},"og_locale":"en_US","og_type":"article","og_title":"H\u00e4usermann Taskmanagement - H\u00e4usermann Taskmanagement AG","og_description":"Welcome to H\u00e4usermann Taskmanagement H\u00e4usermann Taskmanagement AG was established in July 2003 to offer optimal short-term support to companies and corporations which find themselves in challenging situations where resources are critical. If necessary, this support may go on longer-term. Corporate Governance: Interim management and appointments to Boards of Directors Project management: change management, feasibility studies [&hellip;]","og_url":"https:\/\/dev.h-tag.ch\/en\/","og_site_name":"H\u00e4usermann Taskmanagement AG","article_modified_time":"2023-09-22T13:52:38+00:00","og_image":[{"url":"https:\/\/dev.h-tag.ch\/wp-content\/uploads\/2023\/09\/expo02.png"}],"twitter_card":"summary_large_image","schema":{"@context":"https:\/\/schema.org","@graph":[{"@type":"WebPage","@id":"https:\/\/dev.h-tag.ch\/en\/","url":"https:\/\/dev.h-tag.ch\/en\/","name":"H\u00e4usermann Taskmanagement - H\u00e4usermann Taskmanagement AG","isPartOf":{"@id":"https:\/\/dev.h-tag.ch\/en\/#website"},"datePublished":"2023-09-20T14:28:35+00:00","dateModified":"2023-09-22T13:52:38+00:00","breadcrumb":{"@id":"https:\/\/dev.h-tag.ch\/en\/#breadcrumb"},"inLanguage":"en-US","potentialAction":[{"@type":"ReadAction","target":["https:\/\/dev.h-tag.ch\/en\/"]}]},{"@type":"BreadcrumbList","@id":"https:\/\/dev.h-tag.ch\/en\/#breadcrumb","itemListElement":[{"@type":"ListItem","position":1,"name":"Startseite","item":"https:\/\/dev.h-tag.ch\/en\/haeusermann-taskmanagement\/"},{"@type":"ListItem","position":2,"name":"H\u00e4usermann Taskmanagement"}]},{"@type":"WebSite","@id":"https:\/\/dev.h-tag.ch\/en\/#website","url":"https:\/\/dev.h-tag.ch\/en\/","name":"H\u00e4usermann Taskmanagement AG","description":"","publisher":{"@id":"https:\/\/dev.h-tag.ch\/en\/#organization"},"potentialAction":[{"@type":"SearchAction","target":{"@type":"EntryPoint","urlTemplate":"https:\/\/dev.h-tag.ch\/en\/?s={search_term_string}"},"query-input":"required name=search_term_string"}],"inLanguage":"en-US"},{"@type":"Organization","@id":"https:\/\/dev.h-tag.ch\/en\/#organization","name":"H\u00e4usermann Taskmanagement AG","url":"https:\/\/dev.h-tag.ch\/en\/","logo":{"@type":"ImageObject","inLanguage":"en-US","@id":"https:\/\/dev.h-tag.ch\/en\/#\/schema\/logo\/image\/","url":"https:\/\/dev.h-tag.ch\/wp-content\/uploads\/2023\/09\/htag-logo.png","contentUrl":"https:\/\/dev.h-tag.ch\/wp-content\/uploads\/2023\/09\/htag-logo.png","width":1836,"height":502,"caption":"H\u00e4usermann Taskmanagement AG"},"image":{"@id":"https:\/\/dev.h-tag.ch\/en\/#\/schema\/logo\/image\/"}}]}},"_links":{"self":[{"href":"https:\/\/dev.h-tag.ch\/en\/wp-json\/wp\/v2\/pages\/558","targetHints":{"allow":["GET"]}}],"collection":[{"href":"https:\/\/dev.h-tag.ch\/en\/wp-json\/wp\/v2\/pages"}],"about":[{"href":"https:\/\/dev.h-tag.ch\/en\/wp-json\/wp\/v2\/types\/page"}],"author":[{"embeddable":true,"href":"https:\/\/dev.h-tag.ch\/en\/wp-json\/wp\/v2\/users\/1"}],"replies":[{"embeddable":true,"href":"https:\/\/dev.h-tag.ch\/en\/wp-json\/wp\/v2\/comments?post=558"}],"version-history":[{"count":9,"href":"https:\/\/dev.h-tag.ch\/en\/wp-json\/wp\/v2\/pages\/558\/revisions"}],"predecessor-version":[{"id":663,"href":"https:\/\/dev.h-tag.ch\/en\/wp-json\/wp\/v2\/pages\/558\/revisions\/663"}],"wp:attachment":[{"href":"https:\/\/dev.h-tag.ch\/en\/wp-json\/wp\/v2\/media?parent=558"}],"curies":[{"name":"wp","href":"https:\/\/api.w.org\/{rel}","templated":true}]}}