{"id":646,"date":"2023-09-20T16:28:31","date_gmt":"2023-09-20T14:28:31","guid":{"rendered":"https:\/\/dev.h-tag.ch\/management-interimaires-et-gestion-dentreprise\/"},"modified":"2023-09-22T15:44:44","modified_gmt":"2023-09-22T13:44:44","slug":"management-interimaires-et-gestion-dentreprise","status":"publish","type":"page","link":"https:\/\/dev.h-tag.ch\/fr\/management-interimaires-et-gestion-dentreprise\/","title":{"rendered":"Management int\u00e9rimaires et gestion d&rsquo;entreprise"},"content":{"rendered":"\t\t<div data-elementor-type=\"wp-page\" data-elementor-id=\"646\" class=\"elementor elementor-646 elementor-38\" data-elementor-post-type=\"page\">\n\t\t\t\t\t\t\t<div class=\"elementor-element elementor-element-4d1b5074 e-con-full e-flex e-con e-parent\" data-id=\"4d1b5074\" data-element_type=\"container\" data-settings=\"{&quot;content_width&quot;:&quot;full&quot;}\" data-core-v316-plus=\"true\">\n\t\t\t\t<div class=\"elementor-element elementor-element-6a5741c3 elementor-widget elementor-widget-heading\" data-id=\"6a5741c3\" data-element_type=\"widget\" data-widget_type=\"heading.default\">\n\t\t\t\t<div class=\"elementor-widget-container\">\n\t\t\t<style>\/*! elementor - v3.16.0 - 20-09-2023 *\/\n.elementor-heading-title{padding:0;margin:0;line-height:1}.elementor-widget-heading .elementor-heading-title[class*=elementor-size-]>a{color:inherit;font-size:inherit;line-height:inherit}.elementor-widget-heading .elementor-heading-title.elementor-size-small{font-size:15px}.elementor-widget-heading .elementor-heading-title.elementor-size-medium{font-size:19px}.elementor-widget-heading .elementor-heading-title.elementor-size-large{font-size:29px}.elementor-widget-heading .elementor-heading-title.elementor-size-xl{font-size:39px}.elementor-widget-heading .elementor-heading-title.elementor-size-xxl{font-size:59px}<\/style><h1 class=\"elementor-heading-title elementor-size-default\">Management int\u00e9rimaires et gestion d'entreprise<\/h1>\t\t<\/div>\n\t\t\t\t<\/div>\n\t\t\t\t<\/div>\n\t\t<div class=\"elementor-element elementor-element-390ead53 e-con-full e-flex e-con e-parent\" data-id=\"390ead53\" data-element_type=\"container\" id=\"s1\" data-settings=\"{&quot;content_width&quot;:&quot;full&quot;}\" data-core-v316-plus=\"true\">\n\t\t<div class=\"elementor-element elementor-element-441dd6b6 e-con-full e-flex e-con e-child\" data-id=\"441dd6b6\" data-element_type=\"container\" data-settings=\"{&quot;content_width&quot;:&quot;full&quot;}\">\n\t\t\t\t<div class=\"elementor-element elementor-element-46a7d7c5 elementor-widget elementor-widget-heading\" data-id=\"46a7d7c5\" data-element_type=\"widget\" data-widget_type=\"heading.default\">\n\t\t\t\t<div class=\"elementor-widget-container\">\n\t\t\t<h2 class=\"elementor-heading-title elementor-size-default\">Nous prenons nos responsabilit\u00e9s<\/h2>\t\t<\/div>\n\t\t\t\t<\/div>\n\t\t\t\t<div class=\"elementor-element elementor-element-2fd8554b elementor-widget elementor-widget-text-editor\" data-id=\"2fd8554b\" data-element_type=\"widget\" data-widget_type=\"text-editor.default\">\n\t\t\t\t<div class=\"elementor-widget-container\">\n\t\t\t<style>\/*! elementor - v3.16.0 - 20-09-2023 *\/\n.elementor-widget-text-editor.elementor-drop-cap-view-stacked .elementor-drop-cap{background-color:#69727d;color:#fff}.elementor-widget-text-editor.elementor-drop-cap-view-framed .elementor-drop-cap{color:#69727d;border:3px solid;background-color:transparent}.elementor-widget-text-editor:not(.elementor-drop-cap-view-default) .elementor-drop-cap{margin-top:8px}.elementor-widget-text-editor:not(.elementor-drop-cap-view-default) .elementor-drop-cap-letter{width:1em;height:1em}.elementor-widget-text-editor .elementor-drop-cap{float:left;text-align:center;line-height:1;font-size:50px}.elementor-widget-text-editor .elementor-drop-cap-letter{display:inline-block}<\/style>\t\t\t\t<p>Dans les cas o\u00f9 notre mission exige un engagement actif et\/ou la prise en charge d&rsquo;une responsabilit\u00e9 entrepreneuriale \u00e0 plus long terme, H\u00e4usermann Taskmanagement endosse \u00e9galement des responsabilit\u00e9s strat\u00e9giques et op\u00e9rationnelles.<\/p>\n<p>Cr\u00e9\u00e9e en juillet 2003, H\u00e4usermann Taskmanagement SA s&rsquo;est particuli\u00e8rement donn\u00e9 pour mission d&rsquo;offrir un soutien optimal \u00e0 des entreprises ou des soci\u00e9t\u00e9s qui \u00e9voluent dans un environnement tr\u00e8s exigeant et qui souhaitent un appui \u00e0 court terme au niveau des ressources. Si n\u00e9cessaire, cet accompagnement peut s&rsquo;\u00e9tendre \u00e0 plus long terme.<\/p>\n<div><br><\/div>\t\t\t\t\t\t<\/div>\n\t\t\t\t<\/div>\n\t\t\t\t<\/div>\n\t\t<div class=\"elementor-element elementor-element-12f043f6 e-con-full e-flex e-con e-child\" data-id=\"12f043f6\" data-element_type=\"container\" data-settings=\"{&quot;background_background&quot;:&quot;classic&quot;,&quot;content_width&quot;:&quot;full&quot;}\">\n\t\t\t\t<\/div>\n\t\t\t\t<\/div>\n\t\t<div class=\"elementor-element elementor-element-6ef59812 e-con-full e-flex e-con e-parent\" data-id=\"6ef59812\" data-element_type=\"container\" id=\"s2\" data-settings=\"{&quot;content_width&quot;:&quot;full&quot;}\" data-core-v316-plus=\"true\">\n\t\t<div class=\"elementor-element elementor-element-1800be6c e-con-full e-flex e-con e-child\" data-id=\"1800be6c\" data-element_type=\"container\" data-settings=\"{&quot;background_background&quot;:&quot;classic&quot;,&quot;content_width&quot;:&quot;full&quot;}\">\n\t\t\t\t<\/div>\n\t\t<div class=\"elementor-element elementor-element-17a84451 e-con-full e-flex e-con e-child\" data-id=\"17a84451\" data-element_type=\"container\" data-settings=\"{&quot;content_width&quot;:&quot;full&quot;}\">\n\t\t\t\t<div class=\"elementor-element elementor-element-5ca024a elementor-widget elementor-widget-text-editor\" data-id=\"5ca024a\" data-element_type=\"widget\" data-widget_type=\"text-editor.default\">\n\t\t\t\t<div class=\"elementor-widget-container\">\n\t\t\t\t\t\t\t<p>Des comp\u00e9tences sp\u00e9cifiques existent dans les domaines suivants :<\/p>\n<p>\u2022 Positionnement des marques\/des produits<\/p>\n<p>\u2022 D\u00e9veloppement commercial<\/p>\n<p>\u2022 Gestion des co\u00fbts et marges<\/p>\n<p>\u2022 Restructuration op\u00e9rationnelle<\/p>\n<p>\u2022 R\u00f4le du CFO<\/p>\n\t\t\t\t\t\t<\/div>\n\t\t\t\t<\/div>\n\t\t\t\t<\/div>\n\t\t\t\t<\/div>\n\t\t<div class=\"elementor-element elementor-element-37680156 e-con-full e-flex e-con e-parent\" data-id=\"37680156\" data-element_type=\"container\" id=\"s3\" data-settings=\"{&quot;content_width&quot;:&quot;full&quot;}\" data-core-v316-plus=\"true\">\n\t\t<div class=\"elementor-element elementor-element-7a717f42 e-con-full e-flex e-con e-child\" data-id=\"7a717f42\" data-element_type=\"container\" data-settings=\"{&quot;content_width&quot;:&quot;full&quot;}\">\n\t\t\t\t<div class=\"elementor-element elementor-element-3e858057 elementor-widget elementor-widget-text-editor\" data-id=\"3e858057\" data-element_type=\"widget\" data-widget_type=\"text-editor.default\">\n\t\t\t\t<div class=\"elementor-widget-container\">\n\t\t\t\t\t\t\t<p>Nous avons de l&rsquo;exp\u00e9rience dans diff\u00e9rentes structures d&rsquo;entreprise<\/p>\n<p>\u2022 Soci\u00e9t\u00e9s multinationales<\/p>\n<p>\u2022 Soci\u00e9t\u00e9s internationales dirig\u00e9es par leurs propri\u00e9taires<\/p>\n<p>\u2022 Entreprises familiales avec une exp\u00e9rience particuli\u00e8re dans les constellations familiales<\/p>\n<p>\u2022 Grandes entreprises \u00e0 l&rsquo;interface public\/priv\u00e9<\/p>\n<p>Nous nous familiarisons tr\u00e8s rapidement avec de nouveaux domaines.<\/p>\n<p>\u2022 nous sommes pr\u00eats \u00e0 prendre des responsabilit\u00e9s d\u00e8s le premier jour<\/p>\n<p>Nous accompagnons souvent et volontiers les entreprises au sein du conseil d&rsquo;administration apr\u00e8s leur intervention dans la gestion op\u00e9rationnelle, en nous concentrant sur les domaines critiques.<\/p>\n\t\t\t\t\t\t<\/div>\n\t\t\t\t<\/div>\n\t\t\t\t<\/div>\n\t\t<div class=\"elementor-element elementor-element-141dcfa4 e-con-full e-flex e-con e-child\" data-id=\"141dcfa4\" data-element_type=\"container\" data-settings=\"{&quot;background_background&quot;:&quot;classic&quot;,&quot;content_width&quot;:&quot;full&quot;}\">\n\t\t\t\t<\/div>\n\t\t\t\t<\/div>\n\t\t<div class=\"elementor-element elementor-element-7a42512 e-con-full e-flex e-con e-parent\" data-id=\"7a42512\" data-element_type=\"container\" data-settings=\"{&quot;background_background&quot;:&quot;classic&quot;,&quot;content_width&quot;:&quot;full&quot;}\" data-core-v316-plus=\"true\">\n\t\t<div class=\"elementor-element elementor-element-688b184 e-con-full e-flex e-con e-child\" data-id=\"688b184\" data-element_type=\"container\" data-settings=\"{&quot;content_width&quot;:&quot;full&quot;}\">\n\t\t\t\t<div class=\"elementor-element elementor-element-940d770 elementor-widget elementor-widget-heading\" data-id=\"940d770\" data-element_type=\"widget\" data-widget_type=\"heading.default\">\n\t\t\t\t<div class=\"elementor-widget-container\">\n\t\t\t<h2 class=\"elementor-heading-title elementor-size-default\">H\u00e4usermann Task Management AG<br>Votre partenaire pour des solutions de ressources \u00e0 court terme dans des situations exigeantes<\/h2>\t\t<\/div>\n\t\t\t\t<\/div>\n\t\t\t\t<\/div>\n\t\t<div class=\"elementor-element elementor-element-662d033 e-con-full e-flex e-con e-child\" data-id=\"662d033\" data-element_type=\"container\" data-settings=\"{&quot;content_width&quot;:&quot;full&quot;}\">\n\t\t\t\t<div class=\"elementor-element elementor-element-f679440 elementor-widget elementor-widget-heading\" data-id=\"f679440\" data-element_type=\"widget\" data-widget_type=\"heading.default\">\n\t\t\t\t<div class=\"elementor-widget-container\">\n\t\t\t<h2 class=\"elementor-heading-title elementor-size-default\">Nous nous ferons un plaisir de vous aider.<\/h2>\t\t<\/div>\n\t\t\t\t<\/div>\n\t\t\t\t<div class=\"elementor-element elementor-element-9ad1361 elementor-widget elementor-widget-button\" data-id=\"9ad1361\" data-element_type=\"widget\" data-widget_type=\"button.default\">\n\t\t\t\t<div class=\"elementor-widget-container\">\n\t\t\t\t\t<div class=\"elementor-button-wrapper\">\n\t\t\t<a class=\"elementor-button elementor-button-link elementor-size-sm\" href=\"https:\/\/dev.h-tag.ch\/kontakt\/\">\n\t\t\t\t\t\t<span class=\"elementor-button-content-wrapper\">\n\t\t\t\t\t\t<span class=\"elementor-button-text\">Contactez-nous<\/span>\n\t\t<\/span>\n\t\t\t\t\t<\/a>\n\t\t<\/div>\n\t\t\t\t<\/div>\n\t\t\t\t<\/div>\n\t\t\t\t<\/div>\n\t\t\t\t<\/div>\n\t\t\t\t\t\t\t<\/div>\n\t\t","protected":false},"excerpt":{"rendered":"<p>Management int\u00e9rimaires et gestion d&rsquo;entreprise Nous prenons nos responsabilit\u00e9s Dans les cas o\u00f9 notre mission exige un engagement actif et\/ou la prise en charge d&rsquo;une responsabilit\u00e9 entrepreneuriale \u00e0 plus long terme, H\u00e4usermann Taskmanagement endosse \u00e9galement des responsabilit\u00e9s strat\u00e9giques et op\u00e9rationnelles. Cr\u00e9\u00e9e en juillet 2003, H\u00e4usermann Taskmanagement SA s&rsquo;est particuli\u00e8rement donn\u00e9 pour mission d&rsquo;offrir un soutien [&hellip;]<\/p>\n","protected":false},"author":1,"featured_media":0,"parent":0,"menu_order":0,"comment_status":"closed","ping_status":"closed","template":"elementor_header_footer","meta":{"footnotes":""},"class_list":["post-646","page","type-page","status-publish","hentry"],"yoast_head":"<!-- This site is optimized with the Yoast SEO plugin v21.2 - https:\/\/yoast.com\/wordpress\/plugins\/seo\/ -->\n<title>Management int\u00e9rimaires et gestion d&#039;entreprise - H\u00e4usermann Taskmanagement AG<\/title>\n<meta name=\"robots\" content=\"noindex, follow, max-snippet:-1, max-image-preview:large, max-video-preview:-1\" \/>\n<meta property=\"og:locale\" content=\"fr_FR\" \/>\n<meta property=\"og:type\" content=\"article\" \/>\n<meta property=\"og:title\" content=\"Management int\u00e9rimaires et gestion d&#039;entreprise - H\u00e4usermann Taskmanagement AG\" \/>\n<meta property=\"og:description\" content=\"Management int\u00e9rimaires et gestion d&rsquo;entreprise Nous prenons nos responsabilit\u00e9s Dans les cas o\u00f9 notre mission exige un engagement actif et\/ou la prise en charge d&rsquo;une responsabilit\u00e9 entrepreneuriale \u00e0 plus long terme, H\u00e4usermann Taskmanagement endosse \u00e9galement des responsabilit\u00e9s strat\u00e9giques et op\u00e9rationnelles. Cr\u00e9\u00e9e en juillet 2003, H\u00e4usermann Taskmanagement SA s&rsquo;est particuli\u00e8rement donn\u00e9 pour mission d&rsquo;offrir un soutien [&hellip;]\" \/>\n<meta property=\"og:url\" content=\"https:\/\/dev.h-tag.ch\/fr\/management-interimaires-et-gestion-dentreprise\/\" \/>\n<meta property=\"og:site_name\" content=\"H\u00e4usermann Taskmanagement AG\" \/>\n<meta property=\"article:modified_time\" content=\"2023-09-22T13:44:44+00:00\" \/>\n<meta name=\"twitter:card\" content=\"summary_large_image\" \/>\n<meta name=\"twitter:label1\" content=\"Dur\u00e9e de lecture estim\u00e9e\" \/>\n\t<meta name=\"twitter:data1\" content=\"1 minute\" \/>\n<script type=\"application\/ld+json\" class=\"yoast-schema-graph\">{\"@context\":\"https:\/\/schema.org\",\"@graph\":[{\"@type\":\"WebPage\",\"@id\":\"https:\/\/dev.h-tag.ch\/fr\/management-interimaires-et-gestion-dentreprise\/\",\"url\":\"https:\/\/dev.h-tag.ch\/fr\/management-interimaires-et-gestion-dentreprise\/\",\"name\":\"Management int\u00e9rimaires et gestion d'entreprise - H\u00e4usermann Taskmanagement AG\",\"isPartOf\":{\"@id\":\"https:\/\/dev.h-tag.ch\/fr\/#website\"},\"datePublished\":\"2023-09-20T14:28:31+00:00\",\"dateModified\":\"2023-09-22T13:44:44+00:00\",\"breadcrumb\":{\"@id\":\"https:\/\/dev.h-tag.ch\/fr\/management-interimaires-et-gestion-dentreprise\/#breadcrumb\"},\"inLanguage\":\"fr-FR\",\"potentialAction\":[{\"@type\":\"ReadAction\",\"target\":[\"https:\/\/dev.h-tag.ch\/fr\/management-interimaires-et-gestion-dentreprise\/\"]}]},{\"@type\":\"BreadcrumbList\",\"@id\":\"https:\/\/dev.h-tag.ch\/fr\/management-interimaires-et-gestion-dentreprise\/#breadcrumb\",\"itemListElement\":[{\"@type\":\"ListItem\",\"position\":1,\"name\":\"Startseite\",\"item\":\"https:\/\/dev.h-tag.ch\/fr\/haeusermann-taskmanagement\/\"},{\"@type\":\"ListItem\",\"position\":2,\"name\":\"Management int\u00e9rimaires et gestion d&rsquo;entreprise\"}]},{\"@type\":\"WebSite\",\"@id\":\"https:\/\/dev.h-tag.ch\/fr\/#website\",\"url\":\"https:\/\/dev.h-tag.ch\/fr\/\",\"name\":\"H\u00e4usermann Taskmanagement AG\",\"description\":\"\",\"publisher\":{\"@id\":\"https:\/\/dev.h-tag.ch\/fr\/#organization\"},\"potentialAction\":[{\"@type\":\"SearchAction\",\"target\":{\"@type\":\"EntryPoint\",\"urlTemplate\":\"https:\/\/dev.h-tag.ch\/fr\/?s={search_term_string}\"},\"query-input\":\"required name=search_term_string\"}],\"inLanguage\":\"fr-FR\"},{\"@type\":\"Organization\",\"@id\":\"https:\/\/dev.h-tag.ch\/fr\/#organization\",\"name\":\"H\u00e4usermann Taskmanagement AG\",\"url\":\"https:\/\/dev.h-tag.ch\/fr\/\",\"logo\":{\"@type\":\"ImageObject\",\"inLanguage\":\"fr-FR\",\"@id\":\"https:\/\/dev.h-tag.ch\/fr\/#\/schema\/logo\/image\/\",\"url\":\"https:\/\/dev.h-tag.ch\/wp-content\/uploads\/2023\/09\/htag-logo.png\",\"contentUrl\":\"https:\/\/dev.h-tag.ch\/wp-content\/uploads\/2023\/09\/htag-logo.png\",\"width\":1836,\"height\":502,\"caption\":\"H\u00e4usermann Taskmanagement AG\"},\"image\":{\"@id\":\"https:\/\/dev.h-tag.ch\/fr\/#\/schema\/logo\/image\/\"}}]}<\/script>\n<!-- \/ Yoast SEO plugin. -->","yoast_head_json":{"title":"Management int\u00e9rimaires et gestion d'entreprise - H\u00e4usermann Taskmanagement AG","robots":{"index":"noindex","follow":"follow","max-snippet":"max-snippet:-1","max-image-preview":"max-image-preview:large","max-video-preview":"max-video-preview:-1"},"og_locale":"fr_FR","og_type":"article","og_title":"Management int\u00e9rimaires et gestion d'entreprise - H\u00e4usermann Taskmanagement AG","og_description":"Management int\u00e9rimaires et gestion d&rsquo;entreprise Nous prenons nos responsabilit\u00e9s Dans les cas o\u00f9 notre mission exige un engagement actif et\/ou la prise en charge d&rsquo;une responsabilit\u00e9 entrepreneuriale \u00e0 plus long terme, H\u00e4usermann Taskmanagement endosse \u00e9galement des responsabilit\u00e9s strat\u00e9giques et op\u00e9rationnelles. Cr\u00e9\u00e9e en juillet 2003, H\u00e4usermann Taskmanagement SA s&rsquo;est particuli\u00e8rement donn\u00e9 pour mission d&rsquo;offrir un soutien [&hellip;]","og_url":"https:\/\/dev.h-tag.ch\/fr\/management-interimaires-et-gestion-dentreprise\/","og_site_name":"H\u00e4usermann Taskmanagement AG","article_modified_time":"2023-09-22T13:44:44+00:00","twitter_card":"summary_large_image","twitter_misc":{"Dur\u00e9e de lecture estim\u00e9e":"1 minute"},"schema":{"@context":"https:\/\/schema.org","@graph":[{"@type":"WebPage","@id":"https:\/\/dev.h-tag.ch\/fr\/management-interimaires-et-gestion-dentreprise\/","url":"https:\/\/dev.h-tag.ch\/fr\/management-interimaires-et-gestion-dentreprise\/","name":"Management int\u00e9rimaires et gestion d'entreprise - H\u00e4usermann Taskmanagement AG","isPartOf":{"@id":"https:\/\/dev.h-tag.ch\/fr\/#website"},"datePublished":"2023-09-20T14:28:31+00:00","dateModified":"2023-09-22T13:44:44+00:00","breadcrumb":{"@id":"https:\/\/dev.h-tag.ch\/fr\/management-interimaires-et-gestion-dentreprise\/#breadcrumb"},"inLanguage":"fr-FR","potentialAction":[{"@type":"ReadAction","target":["https:\/\/dev.h-tag.ch\/fr\/management-interimaires-et-gestion-dentreprise\/"]}]},{"@type":"BreadcrumbList","@id":"https:\/\/dev.h-tag.ch\/fr\/management-interimaires-et-gestion-dentreprise\/#breadcrumb","itemListElement":[{"@type":"ListItem","position":1,"name":"Startseite","item":"https:\/\/dev.h-tag.ch\/fr\/haeusermann-taskmanagement\/"},{"@type":"ListItem","position":2,"name":"Management int\u00e9rimaires et gestion d&rsquo;entreprise"}]},{"@type":"WebSite","@id":"https:\/\/dev.h-tag.ch\/fr\/#website","url":"https:\/\/dev.h-tag.ch\/fr\/","name":"H\u00e4usermann Taskmanagement AG","description":"","publisher":{"@id":"https:\/\/dev.h-tag.ch\/fr\/#organization"},"potentialAction":[{"@type":"SearchAction","target":{"@type":"EntryPoint","urlTemplate":"https:\/\/dev.h-tag.ch\/fr\/?s={search_term_string}"},"query-input":"required name=search_term_string"}],"inLanguage":"fr-FR"},{"@type":"Organization","@id":"https:\/\/dev.h-tag.ch\/fr\/#organization","name":"H\u00e4usermann Taskmanagement AG","url":"https:\/\/dev.h-tag.ch\/fr\/","logo":{"@type":"ImageObject","inLanguage":"fr-FR","@id":"https:\/\/dev.h-tag.ch\/fr\/#\/schema\/logo\/image\/","url":"https:\/\/dev.h-tag.ch\/wp-content\/uploads\/2023\/09\/htag-logo.png","contentUrl":"https:\/\/dev.h-tag.ch\/wp-content\/uploads\/2023\/09\/htag-logo.png","width":1836,"height":502,"caption":"H\u00e4usermann Taskmanagement AG"},"image":{"@id":"https:\/\/dev.h-tag.ch\/fr\/#\/schema\/logo\/image\/"}}]}},"_links":{"self":[{"href":"https:\/\/dev.h-tag.ch\/fr\/wp-json\/wp\/v2\/pages\/646","targetHints":{"allow":["GET"]}}],"collection":[{"href":"https:\/\/dev.h-tag.ch\/fr\/wp-json\/wp\/v2\/pages"}],"about":[{"href":"https:\/\/dev.h-tag.ch\/fr\/wp-json\/wp\/v2\/types\/page"}],"author":[{"embeddable":true,"href":"https:\/\/dev.h-tag.ch\/fr\/wp-json\/wp\/v2\/users\/1"}],"replies":[{"embeddable":true,"href":"https:\/\/dev.h-tag.ch\/fr\/wp-json\/wp\/v2\/comments?post=646"}],"version-history":[{"count":3,"href":"https:\/\/dev.h-tag.ch\/fr\/wp-json\/wp\/v2\/pages\/646\/revisions"}],"predecessor-version":[{"id":649,"href":"https:\/\/dev.h-tag.ch\/fr\/wp-json\/wp\/v2\/pages\/646\/revisions\/649"}],"wp:attachment":[{"href":"https:\/\/dev.h-tag.ch\/fr\/wp-json\/wp\/v2\/media?parent=646"}],"curies":[{"name":"wp","href":"https:\/\/api.w.org\/{rel}","templated":true}]}}