{"id":650,"date":"2023-09-20T17:21:43","date_gmt":"2023-09-20T15:21:43","guid":{"rendered":"https:\/\/dev.h-tag.ch\/due-diligence\/"},"modified":"2023-09-22T15:46:27","modified_gmt":"2023-09-22T13:46:27","slug":"due-diligence","status":"publish","type":"page","link":"https:\/\/dev.h-tag.ch\/fr\/due-diligence\/","title":{"rendered":"Due Diligence"},"content":{"rendered":"\t\t<div data-elementor-type=\"wp-page\" data-elementor-id=\"650\" class=\"elementor elementor-650 elementor-172\" data-elementor-post-type=\"page\">\n\t\t\t\t\t\t\t<div class=\"elementor-element elementor-element-55d5f217 e-con-full e-flex e-con e-parent\" data-id=\"55d5f217\" data-element_type=\"container\" data-settings=\"{&quot;content_width&quot;:&quot;full&quot;}\" data-core-v316-plus=\"true\">\n\t\t\t\t<div class=\"elementor-element elementor-element-1aebb03 elementor-widget elementor-widget-heading\" data-id=\"1aebb03\" data-element_type=\"widget\" data-widget_type=\"heading.default\">\n\t\t\t\t<div class=\"elementor-widget-container\">\n\t\t\t<style>\/*! elementor - v3.16.0 - 20-09-2023 *\/\n.elementor-heading-title{padding:0;margin:0;line-height:1}.elementor-widget-heading .elementor-heading-title[class*=elementor-size-]>a{color:inherit;font-size:inherit;line-height:inherit}.elementor-widget-heading .elementor-heading-title.elementor-size-small{font-size:15px}.elementor-widget-heading .elementor-heading-title.elementor-size-medium{font-size:19px}.elementor-widget-heading .elementor-heading-title.elementor-size-large{font-size:29px}.elementor-widget-heading .elementor-heading-title.elementor-size-xl{font-size:39px}.elementor-widget-heading .elementor-heading-title.elementor-size-xxl{font-size:59px}<\/style><h1 class=\"elementor-heading-title elementor-size-default\">Due Diligence<\/h1>\t\t<\/div>\n\t\t\t\t<\/div>\n\t\t\t\t<\/div>\n\t\t<div class=\"elementor-element elementor-element-131f1a9e e-con-full e-flex e-con e-parent\" data-id=\"131f1a9e\" data-element_type=\"container\" id=\"s1\" data-settings=\"{&quot;content_width&quot;:&quot;full&quot;}\" data-core-v316-plus=\"true\">\n\t\t<div class=\"elementor-element elementor-element-6f812b0c e-con-full e-flex e-con e-child\" data-id=\"6f812b0c\" data-element_type=\"container\" data-settings=\"{&quot;content_width&quot;:&quot;full&quot;}\">\n\t\t\t\t<div class=\"elementor-element elementor-element-3fcd33f4 elementor-widget elementor-widget-heading\" data-id=\"3fcd33f4\" data-element_type=\"widget\" data-widget_type=\"heading.default\">\n\t\t\t\t<div class=\"elementor-widget-container\">\n\t\t\t<h2 class=\"elementor-heading-title elementor-size-default\">Avec toute la diligence requise<\/h2>\t\t<\/div>\n\t\t\t\t<\/div>\n\t\t\t\t<div class=\"elementor-element elementor-element-33e9e756 elementor-widget elementor-widget-text-editor\" data-id=\"33e9e756\" data-element_type=\"widget\" data-widget_type=\"text-editor.default\">\n\t\t\t\t<div class=\"elementor-widget-container\">\n\t\t\t<style>\/*! elementor - v3.16.0 - 20-09-2023 *\/\n.elementor-widget-text-editor.elementor-drop-cap-view-stacked .elementor-drop-cap{background-color:#69727d;color:#fff}.elementor-widget-text-editor.elementor-drop-cap-view-framed .elementor-drop-cap{color:#69727d;border:3px solid;background-color:transparent}.elementor-widget-text-editor:not(.elementor-drop-cap-view-default) .elementor-drop-cap{margin-top:8px}.elementor-widget-text-editor:not(.elementor-drop-cap-view-default) .elementor-drop-cap-letter{width:1em;height:1em}.elementor-widget-text-editor .elementor-drop-cap{float:left;text-align:center;line-height:1;font-size:50px}.elementor-widget-text-editor .elementor-drop-cap-letter{display:inline-block}<\/style>\t\t\t\t<p>Nous vous offrons assistance en \u00ab\u00a0due diligence\u00a0\u00bb lors de l&rsquo;achat, respectivement la vente de participations d&rsquo;entreprise ou d&rsquo;actifs immobiliers. Nous vous soutenons plus particuli\u00e8rement en amont de l&rsquo;acquisition avec une analyse syst\u00e9matique des forces et des faiblesses (analyse SWOT) dans laquelle nous int\u00e9grons les facteurs suivants :<\/p>\n<ul>\n<li>les produits et leur environnement<\/li>\n<li>la satisfaction des clients<\/li>\n<li>la qualit\u00e9 du management<\/li>\n<li>les processus de l&rsquo;op\u00e9ration et leur orientation<\/li>\n<li>la qualification des collaborateurs et leur capacit\u00e9 d&rsquo;adh\u00e9rer \u00e0 des changements<\/li>\n<li>l&rsquo;existence d&rsquo;objectifs clairement d\u00e9finis de l&rsquo;entreprise<\/li>\n<li>les r\u00e9sultats et les bilans<\/li>\n<li>l&rsquo;analyse des engagements<\/li>\n<\/ul>\n\t\t\t\t\t\t<\/div>\n\t\t\t\t<\/div>\n\t\t\t\t<\/div>\n\t\t<div class=\"elementor-element elementor-element-27bad29a e-con-full e-flex e-con e-child\" data-id=\"27bad29a\" data-element_type=\"container\" data-settings=\"{&quot;background_background&quot;:&quot;classic&quot;,&quot;content_width&quot;:&quot;full&quot;}\">\n\t\t\t\t<\/div>\n\t\t\t\t<\/div>\n\t\t<div class=\"elementor-element elementor-element-79720d3 e-con-full e-flex e-con e-parent\" data-id=\"79720d3\" data-element_type=\"container\" data-settings=\"{&quot;background_background&quot;:&quot;classic&quot;,&quot;content_width&quot;:&quot;full&quot;}\" data-core-v316-plus=\"true\">\n\t\t<div class=\"elementor-element elementor-element-46d2322e e-con-full e-flex e-con e-child\" data-id=\"46d2322e\" data-element_type=\"container\" data-settings=\"{&quot;content_width&quot;:&quot;full&quot;}\">\n\t\t\t\t<div class=\"elementor-element elementor-element-31dd69b0 elementor-widget elementor-widget-heading\" data-id=\"31dd69b0\" data-element_type=\"widget\" data-widget_type=\"heading.default\">\n\t\t\t\t<div class=\"elementor-widget-container\">\n\t\t\t<h2 class=\"elementor-heading-title elementor-size-default\">H\u00e4usermann Task Management AG<br>Votre partenaire pour des solutions de ressources \u00e0 court terme dans des situations exigeantes<\/h2>\t\t<\/div>\n\t\t\t\t<\/div>\n\t\t\t\t<\/div>\n\t\t<div class=\"elementor-element elementor-element-43f9d90 e-con-full e-flex e-con e-child\" data-id=\"43f9d90\" data-element_type=\"container\" data-settings=\"{&quot;content_width&quot;:&quot;full&quot;}\">\n\t\t\t\t<div class=\"elementor-element elementor-element-408593b9 elementor-widget elementor-widget-heading\" data-id=\"408593b9\" data-element_type=\"widget\" data-widget_type=\"heading.default\">\n\t\t\t\t<div class=\"elementor-widget-container\">\n\t\t\t<h2 class=\"elementor-heading-title elementor-size-default\">Nous nous ferons un plaisir de vous aider.<\/h2>\t\t<\/div>\n\t\t\t\t<\/div>\n\t\t\t\t<div class=\"elementor-element elementor-element-3da50905 elementor-widget elementor-widget-button\" data-id=\"3da50905\" data-element_type=\"widget\" data-widget_type=\"button.default\">\n\t\t\t\t<div class=\"elementor-widget-container\">\n\t\t\t\t\t<div class=\"elementor-button-wrapper\">\n\t\t\t<a class=\"elementor-button elementor-button-link elementor-size-sm\" href=\"https:\/\/dev.h-tag.ch\/kontakt\/\">\n\t\t\t\t\t\t<span class=\"elementor-button-content-wrapper\">\n\t\t\t\t\t\t<span class=\"elementor-button-text\">Contactez-nous<\/span>\n\t\t<\/span>\n\t\t\t\t\t<\/a>\n\t\t<\/div>\n\t\t\t\t<\/div>\n\t\t\t\t<\/div>\n\t\t\t\t<\/div>\n\t\t\t\t<\/div>\n\t\t\t\t\t\t\t<\/div>\n\t\t","protected":false},"excerpt":{"rendered":"<p>Due Diligence Avec toute la diligence requise Nous vous offrons assistance en \u00ab\u00a0due diligence\u00a0\u00bb lors de l&rsquo;achat, respectivement la vente de participations d&rsquo;entreprise ou d&rsquo;actifs immobiliers. Nous vous soutenons plus particuli\u00e8rement en amont de l&rsquo;acquisition avec une analyse syst\u00e9matique des forces et des faiblesses (analyse SWOT) dans laquelle nous int\u00e9grons les facteurs suivants : les [&hellip;]<\/p>\n","protected":false},"author":1,"featured_media":0,"parent":0,"menu_order":0,"comment_status":"closed","ping_status":"closed","template":"elementor_header_footer","meta":{"footnotes":""},"class_list":["post-650","page","type-page","status-publish","hentry"],"yoast_head":"<!-- This site is optimized with the Yoast SEO plugin v21.2 - https:\/\/yoast.com\/wordpress\/plugins\/seo\/ -->\n<title>Due Diligence - H\u00e4usermann Taskmanagement AG<\/title>\n<meta name=\"robots\" content=\"noindex, follow, max-snippet:-1, max-image-preview:large, max-video-preview:-1\" \/>\n<meta property=\"og:locale\" content=\"fr_FR\" \/>\n<meta property=\"og:type\" content=\"article\" \/>\n<meta property=\"og:title\" content=\"Due Diligence - H\u00e4usermann Taskmanagement AG\" \/>\n<meta property=\"og:description\" content=\"Due Diligence Avec toute la diligence requise Nous vous offrons assistance en \u00ab\u00a0due diligence\u00a0\u00bb lors de l&rsquo;achat, respectivement la vente de participations d&rsquo;entreprise ou d&rsquo;actifs immobiliers. Nous vous soutenons plus particuli\u00e8rement en amont de l&rsquo;acquisition avec une analyse syst\u00e9matique des forces et des faiblesses (analyse SWOT) dans laquelle nous int\u00e9grons les facteurs suivants : les [&hellip;]\" \/>\n<meta property=\"og:url\" content=\"https:\/\/dev.h-tag.ch\/fr\/due-diligence\/\" \/>\n<meta property=\"og:site_name\" content=\"H\u00e4usermann Taskmanagement AG\" \/>\n<meta property=\"article:modified_time\" content=\"2023-09-22T13:46:27+00:00\" \/>\n<meta name=\"twitter:card\" content=\"summary_large_image\" \/>\n<meta name=\"twitter:label1\" content=\"Dur\u00e9e de lecture estim\u00e9e\" \/>\n\t<meta name=\"twitter:data1\" content=\"1 minute\" \/>\n<script type=\"application\/ld+json\" class=\"yoast-schema-graph\">{\"@context\":\"https:\/\/schema.org\",\"@graph\":[{\"@type\":\"WebPage\",\"@id\":\"https:\/\/dev.h-tag.ch\/fr\/due-diligence\/\",\"url\":\"https:\/\/dev.h-tag.ch\/fr\/due-diligence\/\",\"name\":\"Due Diligence - H\u00e4usermann Taskmanagement AG\",\"isPartOf\":{\"@id\":\"https:\/\/dev.h-tag.ch\/fr\/#website\"},\"datePublished\":\"2023-09-20T15:21:43+00:00\",\"dateModified\":\"2023-09-22T13:46:27+00:00\",\"breadcrumb\":{\"@id\":\"https:\/\/dev.h-tag.ch\/fr\/due-diligence\/#breadcrumb\"},\"inLanguage\":\"fr-FR\",\"potentialAction\":[{\"@type\":\"ReadAction\",\"target\":[\"https:\/\/dev.h-tag.ch\/fr\/due-diligence\/\"]}]},{\"@type\":\"BreadcrumbList\",\"@id\":\"https:\/\/dev.h-tag.ch\/fr\/due-diligence\/#breadcrumb\",\"itemListElement\":[{\"@type\":\"ListItem\",\"position\":1,\"name\":\"Startseite\",\"item\":\"https:\/\/dev.h-tag.ch\/fr\/haeusermann-taskmanagement\/\"},{\"@type\":\"ListItem\",\"position\":2,\"name\":\"Due Diligence\"}]},{\"@type\":\"WebSite\",\"@id\":\"https:\/\/dev.h-tag.ch\/fr\/#website\",\"url\":\"https:\/\/dev.h-tag.ch\/fr\/\",\"name\":\"H\u00e4usermann Taskmanagement AG\",\"description\":\"\",\"publisher\":{\"@id\":\"https:\/\/dev.h-tag.ch\/fr\/#organization\"},\"potentialAction\":[{\"@type\":\"SearchAction\",\"target\":{\"@type\":\"EntryPoint\",\"urlTemplate\":\"https:\/\/dev.h-tag.ch\/fr\/?s={search_term_string}\"},\"query-input\":\"required name=search_term_string\"}],\"inLanguage\":\"fr-FR\"},{\"@type\":\"Organization\",\"@id\":\"https:\/\/dev.h-tag.ch\/fr\/#organization\",\"name\":\"H\u00e4usermann Taskmanagement AG\",\"url\":\"https:\/\/dev.h-tag.ch\/fr\/\",\"logo\":{\"@type\":\"ImageObject\",\"inLanguage\":\"fr-FR\",\"@id\":\"https:\/\/dev.h-tag.ch\/fr\/#\/schema\/logo\/image\/\",\"url\":\"https:\/\/dev.h-tag.ch\/wp-content\/uploads\/2023\/09\/htag-logo.png\",\"contentUrl\":\"https:\/\/dev.h-tag.ch\/wp-content\/uploads\/2023\/09\/htag-logo.png\",\"width\":1836,\"height\":502,\"caption\":\"H\u00e4usermann Taskmanagement AG\"},\"image\":{\"@id\":\"https:\/\/dev.h-tag.ch\/fr\/#\/schema\/logo\/image\/\"}}]}<\/script>\n<!-- \/ Yoast SEO plugin. -->","yoast_head_json":{"title":"Due Diligence - H\u00e4usermann Taskmanagement AG","robots":{"index":"noindex","follow":"follow","max-snippet":"max-snippet:-1","max-image-preview":"max-image-preview:large","max-video-preview":"max-video-preview:-1"},"og_locale":"fr_FR","og_type":"article","og_title":"Due Diligence - H\u00e4usermann Taskmanagement AG","og_description":"Due Diligence Avec toute la diligence requise Nous vous offrons assistance en \u00ab\u00a0due diligence\u00a0\u00bb lors de l&rsquo;achat, respectivement la vente de participations d&rsquo;entreprise ou d&rsquo;actifs immobiliers. Nous vous soutenons plus particuli\u00e8rement en amont de l&rsquo;acquisition avec une analyse syst\u00e9matique des forces et des faiblesses (analyse SWOT) dans laquelle nous int\u00e9grons les facteurs suivants : les [&hellip;]","og_url":"https:\/\/dev.h-tag.ch\/fr\/due-diligence\/","og_site_name":"H\u00e4usermann Taskmanagement AG","article_modified_time":"2023-09-22T13:46:27+00:00","twitter_card":"summary_large_image","twitter_misc":{"Dur\u00e9e de lecture estim\u00e9e":"1 minute"},"schema":{"@context":"https:\/\/schema.org","@graph":[{"@type":"WebPage","@id":"https:\/\/dev.h-tag.ch\/fr\/due-diligence\/","url":"https:\/\/dev.h-tag.ch\/fr\/due-diligence\/","name":"Due Diligence - H\u00e4usermann Taskmanagement AG","isPartOf":{"@id":"https:\/\/dev.h-tag.ch\/fr\/#website"},"datePublished":"2023-09-20T15:21:43+00:00","dateModified":"2023-09-22T13:46:27+00:00","breadcrumb":{"@id":"https:\/\/dev.h-tag.ch\/fr\/due-diligence\/#breadcrumb"},"inLanguage":"fr-FR","potentialAction":[{"@type":"ReadAction","target":["https:\/\/dev.h-tag.ch\/fr\/due-diligence\/"]}]},{"@type":"BreadcrumbList","@id":"https:\/\/dev.h-tag.ch\/fr\/due-diligence\/#breadcrumb","itemListElement":[{"@type":"ListItem","position":1,"name":"Startseite","item":"https:\/\/dev.h-tag.ch\/fr\/haeusermann-taskmanagement\/"},{"@type":"ListItem","position":2,"name":"Due Diligence"}]},{"@type":"WebSite","@id":"https:\/\/dev.h-tag.ch\/fr\/#website","url":"https:\/\/dev.h-tag.ch\/fr\/","name":"H\u00e4usermann Taskmanagement AG","description":"","publisher":{"@id":"https:\/\/dev.h-tag.ch\/fr\/#organization"},"potentialAction":[{"@type":"SearchAction","target":{"@type":"EntryPoint","urlTemplate":"https:\/\/dev.h-tag.ch\/fr\/?s={search_term_string}"},"query-input":"required name=search_term_string"}],"inLanguage":"fr-FR"},{"@type":"Organization","@id":"https:\/\/dev.h-tag.ch\/fr\/#organization","name":"H\u00e4usermann Taskmanagement AG","url":"https:\/\/dev.h-tag.ch\/fr\/","logo":{"@type":"ImageObject","inLanguage":"fr-FR","@id":"https:\/\/dev.h-tag.ch\/fr\/#\/schema\/logo\/image\/","url":"https:\/\/dev.h-tag.ch\/wp-content\/uploads\/2023\/09\/htag-logo.png","contentUrl":"https:\/\/dev.h-tag.ch\/wp-content\/uploads\/2023\/09\/htag-logo.png","width":1836,"height":502,"caption":"H\u00e4usermann Taskmanagement AG"},"image":{"@id":"https:\/\/dev.h-tag.ch\/fr\/#\/schema\/logo\/image\/"}}]}},"_links":{"self":[{"href":"https:\/\/dev.h-tag.ch\/fr\/wp-json\/wp\/v2\/pages\/650","targetHints":{"allow":["GET"]}}],"collection":[{"href":"https:\/\/dev.h-tag.ch\/fr\/wp-json\/wp\/v2\/pages"}],"about":[{"href":"https:\/\/dev.h-tag.ch\/fr\/wp-json\/wp\/v2\/types\/page"}],"author":[{"embeddable":true,"href":"https:\/\/dev.h-tag.ch\/fr\/wp-json\/wp\/v2\/users\/1"}],"replies":[{"embeddable":true,"href":"https:\/\/dev.h-tag.ch\/fr\/wp-json\/wp\/v2\/comments?post=650"}],"version-history":[{"count":3,"href":"https:\/\/dev.h-tag.ch\/fr\/wp-json\/wp\/v2\/pages\/650\/revisions"}],"predecessor-version":[{"id":653,"href":"https:\/\/dev.h-tag.ch\/fr\/wp-json\/wp\/v2\/pages\/650\/revisions\/653"}],"wp:attachment":[{"href":"https:\/\/dev.h-tag.ch\/fr\/wp-json\/wp\/v2\/media?parent=650"}],"curies":[{"name":"wp","href":"https:\/\/api.w.org\/{rel}","templated":true}]}}