{"id":654,"date":"2023-09-21T13:54:36","date_gmt":"2023-09-21T11:54:36","guid":{"rendered":"https:\/\/dev.h-tag.ch\/mentions-legales\/"},"modified":"2023-09-22T15:47:40","modified_gmt":"2023-09-22T13:47:40","slug":"mentions-legales","status":"publish","type":"page","link":"https:\/\/dev.h-tag.ch\/fr\/mentions-legales\/","title":{"rendered":"Mentions l\u00e9gales"},"content":{"rendered":"\n<p>H\u00e4usermann Taskmanagement AG<br\/>Obere Rebhalde 26<br\/>CH-6340 Baar<\/p>\n\n<p><a href=\"mailto:info@h-tag.ch\">info@h-tag.ch<\/a><\/p>\n\n<p><a href=\"tel:+41417663717\">+41 (0)41 766 37 17<\/a><\/p>\n\n<p>UID: CHE-113.638.388<\/p>\n\n<p>Le contenu de ce site web est prot\u00e9g\u00e9 par les droits d&rsquo;auteur. Toutes les images ont \u00e9t\u00e9 acquises l\u00e9galement et sont \u00e9galement prot\u00e9g\u00e9es par le droit d&rsquo;auteur.<\/p>\n\n<p>\u00a9 2023 H\u00e4usermann Taskmanagement AG. <\/p>\n","protected":false},"excerpt":{"rendered":"<p>H\u00e4usermann Taskmanagement AGObere Rebhalde 26CH-6340 Baar info@h-tag.ch +41 (0)41 766 37 17 UID: CHE-113.638.388 Le contenu de ce site web est prot\u00e9g\u00e9 par les droits d&rsquo;auteur. Toutes les images ont \u00e9t\u00e9 acquises l\u00e9galement et sont \u00e9galement prot\u00e9g\u00e9es par le droit d&rsquo;auteur. \u00a9 2023 H\u00e4usermann Taskmanagement AG.<\/p>\n","protected":false},"author":1,"featured_media":0,"parent":0,"menu_order":0,"comment_status":"closed","ping_status":"closed","template":"","meta":{"footnotes":""},"class_list":["post-654","page","type-page","status-publish","hentry"],"yoast_head":"<!-- This site is optimized with the Yoast SEO plugin v21.2 - https:\/\/yoast.com\/wordpress\/plugins\/seo\/ -->\n<title>Mentions l\u00e9gales - H\u00e4usermann Taskmanagement AG<\/title>\n<meta name=\"robots\" content=\"noindex, follow, max-snippet:-1, max-image-preview:large, max-video-preview:-1\" \/>\n<meta property=\"og:locale\" content=\"fr_FR\" \/>\n<meta property=\"og:type\" content=\"article\" \/>\n<meta property=\"og:title\" content=\"Mentions l\u00e9gales - H\u00e4usermann Taskmanagement AG\" \/>\n<meta property=\"og:description\" content=\"H\u00e4usermann Taskmanagement AGObere Rebhalde 26CH-6340 Baar info@h-tag.ch +41 (0)41 766 37 17 UID: CHE-113.638.388 Le contenu de ce site web est prot\u00e9g\u00e9 par les droits d&rsquo;auteur. Toutes les images ont \u00e9t\u00e9 acquises l\u00e9galement et sont \u00e9galement prot\u00e9g\u00e9es par le droit d&rsquo;auteur. \u00a9 2023 H\u00e4usermann Taskmanagement AG.\" \/>\n<meta property=\"og:url\" content=\"https:\/\/dev.h-tag.ch\/fr\/mentions-legales\/\" \/>\n<meta property=\"og:site_name\" content=\"H\u00e4usermann Taskmanagement AG\" \/>\n<meta property=\"article:modified_time\" content=\"2023-09-22T13:47:40+00:00\" \/>\n<meta name=\"twitter:card\" content=\"summary_large_image\" \/>\n<script type=\"application\/ld+json\" class=\"yoast-schema-graph\">{\"@context\":\"https:\/\/schema.org\",\"@graph\":[{\"@type\":\"WebPage\",\"@id\":\"https:\/\/dev.h-tag.ch\/fr\/mentions-legales\/\",\"url\":\"https:\/\/dev.h-tag.ch\/fr\/mentions-legales\/\",\"name\":\"Mentions l\u00e9gales - H\u00e4usermann Taskmanagement AG\",\"isPartOf\":{\"@id\":\"https:\/\/dev.h-tag.ch\/fr\/#website\"},\"datePublished\":\"2023-09-21T11:54:36+00:00\",\"dateModified\":\"2023-09-22T13:47:40+00:00\",\"breadcrumb\":{\"@id\":\"https:\/\/dev.h-tag.ch\/fr\/mentions-legales\/#breadcrumb\"},\"inLanguage\":\"fr-FR\",\"potentialAction\":[{\"@type\":\"ReadAction\",\"target\":[\"https:\/\/dev.h-tag.ch\/fr\/mentions-legales\/\"]}]},{\"@type\":\"BreadcrumbList\",\"@id\":\"https:\/\/dev.h-tag.ch\/fr\/mentions-legales\/#breadcrumb\",\"itemListElement\":[{\"@type\":\"ListItem\",\"position\":1,\"name\":\"Startseite\",\"item\":\"https:\/\/dev.h-tag.ch\/fr\/haeusermann-taskmanagement\/\"},{\"@type\":\"ListItem\",\"position\":2,\"name\":\"Mentions l\u00e9gales\"}]},{\"@type\":\"WebSite\",\"@id\":\"https:\/\/dev.h-tag.ch\/fr\/#website\",\"url\":\"https:\/\/dev.h-tag.ch\/fr\/\",\"name\":\"H\u00e4usermann Taskmanagement AG\",\"description\":\"\",\"publisher\":{\"@id\":\"https:\/\/dev.h-tag.ch\/fr\/#organization\"},\"potentialAction\":[{\"@type\":\"SearchAction\",\"target\":{\"@type\":\"EntryPoint\",\"urlTemplate\":\"https:\/\/dev.h-tag.ch\/fr\/?s={search_term_string}\"},\"query-input\":\"required name=search_term_string\"}],\"inLanguage\":\"fr-FR\"},{\"@type\":\"Organization\",\"@id\":\"https:\/\/dev.h-tag.ch\/fr\/#organization\",\"name\":\"H\u00e4usermann Taskmanagement AG\",\"url\":\"https:\/\/dev.h-tag.ch\/fr\/\",\"logo\":{\"@type\":\"ImageObject\",\"inLanguage\":\"fr-FR\",\"@id\":\"https:\/\/dev.h-tag.ch\/fr\/#\/schema\/logo\/image\/\",\"url\":\"https:\/\/dev.h-tag.ch\/wp-content\/uploads\/2023\/09\/htag-logo.png\",\"contentUrl\":\"https:\/\/dev.h-tag.ch\/wp-content\/uploads\/2023\/09\/htag-logo.png\",\"width\":1836,\"height\":502,\"caption\":\"H\u00e4usermann Taskmanagement AG\"},\"image\":{\"@id\":\"https:\/\/dev.h-tag.ch\/fr\/#\/schema\/logo\/image\/\"}}]}<\/script>\n<!-- \/ Yoast SEO plugin. -->","yoast_head_json":{"title":"Mentions l\u00e9gales - H\u00e4usermann Taskmanagement AG","robots":{"index":"noindex","follow":"follow","max-snippet":"max-snippet:-1","max-image-preview":"max-image-preview:large","max-video-preview":"max-video-preview:-1"},"og_locale":"fr_FR","og_type":"article","og_title":"Mentions l\u00e9gales - H\u00e4usermann Taskmanagement AG","og_description":"H\u00e4usermann Taskmanagement AGObere Rebhalde 26CH-6340 Baar info@h-tag.ch +41 (0)41 766 37 17 UID: CHE-113.638.388 Le contenu de ce site web est prot\u00e9g\u00e9 par les droits d&rsquo;auteur. Toutes les images ont \u00e9t\u00e9 acquises l\u00e9galement et sont \u00e9galement prot\u00e9g\u00e9es par le droit d&rsquo;auteur. \u00a9 2023 H\u00e4usermann Taskmanagement AG.","og_url":"https:\/\/dev.h-tag.ch\/fr\/mentions-legales\/","og_site_name":"H\u00e4usermann Taskmanagement AG","article_modified_time":"2023-09-22T13:47:40+00:00","twitter_card":"summary_large_image","schema":{"@context":"https:\/\/schema.org","@graph":[{"@type":"WebPage","@id":"https:\/\/dev.h-tag.ch\/fr\/mentions-legales\/","url":"https:\/\/dev.h-tag.ch\/fr\/mentions-legales\/","name":"Mentions l\u00e9gales - H\u00e4usermann Taskmanagement AG","isPartOf":{"@id":"https:\/\/dev.h-tag.ch\/fr\/#website"},"datePublished":"2023-09-21T11:54:36+00:00","dateModified":"2023-09-22T13:47:40+00:00","breadcrumb":{"@id":"https:\/\/dev.h-tag.ch\/fr\/mentions-legales\/#breadcrumb"},"inLanguage":"fr-FR","potentialAction":[{"@type":"ReadAction","target":["https:\/\/dev.h-tag.ch\/fr\/mentions-legales\/"]}]},{"@type":"BreadcrumbList","@id":"https:\/\/dev.h-tag.ch\/fr\/mentions-legales\/#breadcrumb","itemListElement":[{"@type":"ListItem","position":1,"name":"Startseite","item":"https:\/\/dev.h-tag.ch\/fr\/haeusermann-taskmanagement\/"},{"@type":"ListItem","position":2,"name":"Mentions l\u00e9gales"}]},{"@type":"WebSite","@id":"https:\/\/dev.h-tag.ch\/fr\/#website","url":"https:\/\/dev.h-tag.ch\/fr\/","name":"H\u00e4usermann Taskmanagement AG","description":"","publisher":{"@id":"https:\/\/dev.h-tag.ch\/fr\/#organization"},"potentialAction":[{"@type":"SearchAction","target":{"@type":"EntryPoint","urlTemplate":"https:\/\/dev.h-tag.ch\/fr\/?s={search_term_string}"},"query-input":"required name=search_term_string"}],"inLanguage":"fr-FR"},{"@type":"Organization","@id":"https:\/\/dev.h-tag.ch\/fr\/#organization","name":"H\u00e4usermann Taskmanagement AG","url":"https:\/\/dev.h-tag.ch\/fr\/","logo":{"@type":"ImageObject","inLanguage":"fr-FR","@id":"https:\/\/dev.h-tag.ch\/fr\/#\/schema\/logo\/image\/","url":"https:\/\/dev.h-tag.ch\/wp-content\/uploads\/2023\/09\/htag-logo.png","contentUrl":"https:\/\/dev.h-tag.ch\/wp-content\/uploads\/2023\/09\/htag-logo.png","width":1836,"height":502,"caption":"H\u00e4usermann Taskmanagement AG"},"image":{"@id":"https:\/\/dev.h-tag.ch\/fr\/#\/schema\/logo\/image\/"}}]}},"_links":{"self":[{"href":"https:\/\/dev.h-tag.ch\/fr\/wp-json\/wp\/v2\/pages\/654","targetHints":{"allow":["GET"]}}],"collection":[{"href":"https:\/\/dev.h-tag.ch\/fr\/wp-json\/wp\/v2\/pages"}],"about":[{"href":"https:\/\/dev.h-tag.ch\/fr\/wp-json\/wp\/v2\/types\/page"}],"author":[{"embeddable":true,"href":"https:\/\/dev.h-tag.ch\/fr\/wp-json\/wp\/v2\/users\/1"}],"replies":[{"embeddable":true,"href":"https:\/\/dev.h-tag.ch\/fr\/wp-json\/wp\/v2\/comments?post=654"}],"version-history":[{"count":1,"href":"https:\/\/dev.h-tag.ch\/fr\/wp-json\/wp\/v2\/pages\/654\/revisions"}],"predecessor-version":[{"id":655,"href":"https:\/\/dev.h-tag.ch\/fr\/wp-json\/wp\/v2\/pages\/654\/revisions\/655"}],"wp:attachment":[{"href":"https:\/\/dev.h-tag.ch\/fr\/wp-json\/wp\/v2\/media?parent=654"}],"curies":[{"name":"wp","href":"https:\/\/api.w.org\/{rel}","templated":true}]}}