{"id":664,"date":"2023-09-20T17:22:07","date_gmt":"2023-09-20T15:22:07","guid":{"rendered":"https:\/\/dev.h-tag.ch\/etudes-de-faisabilite\/"},"modified":"2023-09-22T15:54:54","modified_gmt":"2023-09-22T13:54:54","slug":"etudes-de-faisabilite","status":"publish","type":"page","link":"https:\/\/dev.h-tag.ch\/fr\/etudes-de-faisabilite\/","title":{"rendered":"\u00e9tudes de faisabilit\u00e9"},"content":{"rendered":"\t\t<div data-elementor-type=\"wp-page\" data-elementor-id=\"664\" class=\"elementor elementor-664 elementor-174\" data-elementor-post-type=\"page\">\n\t\t\t\t\t\t\t<div class=\"elementor-element elementor-element-7b670c9f e-con-full e-flex e-con e-parent\" data-id=\"7b670c9f\" data-element_type=\"container\" data-settings=\"{&quot;content_width&quot;:&quot;full&quot;}\" data-core-v316-plus=\"true\">\n\t\t\t\t<div class=\"elementor-element elementor-element-777015b elementor-widget elementor-widget-heading\" data-id=\"777015b\" data-element_type=\"widget\" data-widget_type=\"heading.default\">\n\t\t\t\t<div class=\"elementor-widget-container\">\n\t\t\t<style>\/*! elementor - v3.16.0 - 20-09-2023 *\/\n.elementor-heading-title{padding:0;margin:0;line-height:1}.elementor-widget-heading .elementor-heading-title[class*=elementor-size-]>a{color:inherit;font-size:inherit;line-height:inherit}.elementor-widget-heading .elementor-heading-title.elementor-size-small{font-size:15px}.elementor-widget-heading .elementor-heading-title.elementor-size-medium{font-size:19px}.elementor-widget-heading .elementor-heading-title.elementor-size-large{font-size:29px}.elementor-widget-heading .elementor-heading-title.elementor-size-xl{font-size:39px}.elementor-widget-heading .elementor-heading-title.elementor-size-xxl{font-size:59px}<\/style><h1 class=\"elementor-heading-title elementor-size-default\">\u00e9tudes de faisabilit\u00e9<\/h1>\t\t<\/div>\n\t\t\t\t<\/div>\n\t\t\t\t<\/div>\n\t\t<div class=\"elementor-element elementor-element-5f40cd23 e-con-full e-flex e-con e-parent\" data-id=\"5f40cd23\" data-element_type=\"container\" id=\"s1\" data-settings=\"{&quot;content_width&quot;:&quot;full&quot;}\" data-core-v316-plus=\"true\">\n\t\t<div class=\"elementor-element elementor-element-549f7ec6 e-con-full e-flex e-con e-child\" data-id=\"549f7ec6\" data-element_type=\"container\" data-settings=\"{&quot;content_width&quot;:&quot;full&quot;}\">\n\t\t\t\t<div class=\"elementor-element elementor-element-ef4657d elementor-widget elementor-widget-heading\" data-id=\"ef4657d\" data-element_type=\"widget\" data-widget_type=\"heading.default\">\n\t\t\t\t<div class=\"elementor-widget-container\">\n\t\t\t<h2 class=\"elementor-heading-title elementor-size-default\">Nous posons les bonnes questions<\/h2>\t\t<\/div>\n\t\t\t\t<\/div>\n\t\t\t\t<div class=\"elementor-element elementor-element-2025c334 elementor-widget elementor-widget-text-editor\" data-id=\"2025c334\" data-element_type=\"widget\" data-widget_type=\"text-editor.default\">\n\t\t\t\t<div class=\"elementor-widget-container\">\n\t\t\t<style>\/*! elementor - v3.16.0 - 20-09-2023 *\/\n.elementor-widget-text-editor.elementor-drop-cap-view-stacked .elementor-drop-cap{background-color:#69727d;color:#fff}.elementor-widget-text-editor.elementor-drop-cap-view-framed .elementor-drop-cap{color:#69727d;border:3px solid;background-color:transparent}.elementor-widget-text-editor:not(.elementor-drop-cap-view-default) .elementor-drop-cap{margin-top:8px}.elementor-widget-text-editor:not(.elementor-drop-cap-view-default) .elementor-drop-cap-letter{width:1em;height:1em}.elementor-widget-text-editor .elementor-drop-cap{float:left;text-align:center;line-height:1;font-size:50px}.elementor-widget-text-editor .elementor-drop-cap-letter{display:inline-block}<\/style>\t\t\t\t<p>H\u00e4usermann Taskmanagement proc\u00e8de \u00e0 des \u00e9tudes de faisabilit\u00e9 dans toutes les r\u00e8gles de l&rsquo;art. C&rsquo;est pourquoi nous attachons une grande importance \u00e0 d\u00e9finir clairement les crit\u00e8res et les priorit\u00e9s d\u00e8s le d\u00e9part. Nous garantissons ainsi de mani\u00e8re optimale \u00e0 la fois la pond\u00e9ration des avantages et des inconv\u00e9nients, et la possibilit\u00e9 de comparer les probl\u00e8mes et les amorces de solution.<\/p>\n\t\t\t\t\t\t<\/div>\n\t\t\t\t<\/div>\n\t\t\t\t<\/div>\n\t\t<div class=\"elementor-element elementor-element-5b8f843e e-con-full e-flex e-con e-child\" data-id=\"5b8f843e\" data-element_type=\"container\" data-settings=\"{&quot;background_background&quot;:&quot;classic&quot;,&quot;content_width&quot;:&quot;full&quot;}\">\n\t\t\t\t<\/div>\n\t\t\t\t<\/div>\n\t\t<div class=\"elementor-element elementor-element-5f340532 e-con-full e-flex e-con e-parent\" data-id=\"5f340532\" data-element_type=\"container\" id=\"s2\" data-settings=\"{&quot;content_width&quot;:&quot;full&quot;}\" data-core-v316-plus=\"true\">\n\t\t<div class=\"elementor-element elementor-element-262b6e51 e-con-full e-flex e-con e-child\" data-id=\"262b6e51\" data-element_type=\"container\" data-settings=\"{&quot;background_background&quot;:&quot;classic&quot;,&quot;content_width&quot;:&quot;full&quot;}\">\n\t\t\t\t<\/div>\n\t\t<div class=\"elementor-element elementor-element-7d427196 e-con-full e-flex e-con e-child\" data-id=\"7d427196\" data-element_type=\"container\" data-settings=\"{&quot;content_width&quot;:&quot;full&quot;}\">\n\t\t\t\t<div class=\"elementor-element elementor-element-62a1b3cb elementor-widget elementor-widget-text-editor\" data-id=\"62a1b3cb\" data-element_type=\"widget\" data-widget_type=\"text-editor.default\">\n\t\t\t\t<div class=\"elementor-widget-container\">\n\t\t\t\t\t\t\t<p>Voici les questions que nous nous posons pour vous :<\/p>\n<ul>\n<li>Quel est l&rsquo;objectif du projet et en quoi consiste-t-il ?<\/li>\n<li>Avec quelles ressources et dans quel laps de temps doit-il et peut-il \u00eatre r\u00e9alis\u00e9 ?<\/li>\n<li>Existe-t-il des contradictions entre l&rsquo;objectif du projet et des facteurs donn\u00e9s et connus ?<\/li>\n<li>Des risques calculables\/non calculables guettent-ils l&rsquo;entreprise et sont-ils susceptibles d&#8217;emp\u00eacher la bonne r\u00e9ussite du projet ?<\/li>\n<\/ul>\n\t\t\t\t\t\t<\/div>\n\t\t\t\t<\/div>\n\t\t\t\t<\/div>\n\t\t\t\t<\/div>\n\t\t<div class=\"elementor-element elementor-element-41150141 e-con-full e-flex e-con e-parent\" data-id=\"41150141\" data-element_type=\"container\" id=\"s3\" data-settings=\"{&quot;content_width&quot;:&quot;full&quot;}\" data-core-v316-plus=\"true\">\n\t\t<div class=\"elementor-element elementor-element-6897e8a2 e-con-full e-flex e-con e-child\" data-id=\"6897e8a2\" data-element_type=\"container\" data-settings=\"{&quot;content_width&quot;:&quot;full&quot;}\">\n\t\t\t\t<div class=\"elementor-element elementor-element-1f57d9a7 elementor-widget elementor-widget-text-editor\" data-id=\"1f57d9a7\" data-element_type=\"widget\" data-widget_type=\"text-editor.default\">\n\t\t\t\t<div class=\"elementor-widget-container\">\n\t\t\t\t\t\t\t<p>Nous structurons nos r\u00e9sultats comme suit :<\/p>\n<ul>\n<li>Faisabilit\u00e9 par rapport au march\u00e9 (acceptabilit\u00e9, concurrence)<\/li>\n<li>Faisabilit\u00e9 \u00e9conomique (finances)<\/li>\n<li>Faisabilit\u00e9 organisationnelle<\/li>\n<li>Faisabilit\u00e9 quant aux ressources<\/li>\n<li>Faisabilit\u00e9 socio-culturelle et politique<\/li>\n<\/ul>\n\t\t\t\t\t\t<\/div>\n\t\t\t\t<\/div>\n\t\t\t\t<\/div>\n\t\t<div class=\"elementor-element elementor-element-6c0115ad e-con-full e-flex e-con e-child\" data-id=\"6c0115ad\" data-element_type=\"container\" data-settings=\"{&quot;background_background&quot;:&quot;classic&quot;,&quot;content_width&quot;:&quot;full&quot;}\">\n\t\t\t\t<\/div>\n\t\t\t\t<\/div>\n\t\t<div class=\"elementor-element elementor-element-d572e73 e-con-full e-flex e-con e-parent\" data-id=\"d572e73\" data-element_type=\"container\" data-settings=\"{&quot;background_background&quot;:&quot;classic&quot;,&quot;content_width&quot;:&quot;full&quot;}\" data-core-v316-plus=\"true\">\n\t\t<div class=\"elementor-element elementor-element-aec1f9c e-con-full e-flex e-con e-child\" data-id=\"aec1f9c\" data-element_type=\"container\" data-settings=\"{&quot;content_width&quot;:&quot;full&quot;}\">\n\t\t\t\t<div class=\"elementor-element elementor-element-4ff2e06 elementor-widget elementor-widget-heading\" data-id=\"4ff2e06\" data-element_type=\"widget\" data-widget_type=\"heading.default\">\n\t\t\t\t<div class=\"elementor-widget-container\">\n\t\t\t<h2 class=\"elementor-heading-title elementor-size-default\">H\u00e4usermann Task Management SA<br>Votre partenaire pour des solutions de ressources \u00e0 court terme dans des situations exigeantes<\/h2>\t\t<\/div>\n\t\t\t\t<\/div>\n\t\t\t\t<\/div>\n\t\t<div class=\"elementor-element elementor-element-fe7bae3 e-con-full e-flex e-con e-child\" data-id=\"fe7bae3\" data-element_type=\"container\" data-settings=\"{&quot;content_width&quot;:&quot;full&quot;}\">\n\t\t\t\t<div class=\"elementor-element elementor-element-b66aca3 elementor-widget elementor-widget-heading\" data-id=\"b66aca3\" data-element_type=\"widget\" data-widget_type=\"heading.default\">\n\t\t\t\t<div class=\"elementor-widget-container\">\n\t\t\t<h2 class=\"elementor-heading-title elementor-size-default\">Nous nous ferons un plaisir de vous aider.<\/h2>\t\t<\/div>\n\t\t\t\t<\/div>\n\t\t\t\t<div class=\"elementor-element elementor-element-0623333 elementor-widget elementor-widget-button\" data-id=\"0623333\" data-element_type=\"widget\" data-widget_type=\"button.default\">\n\t\t\t\t<div class=\"elementor-widget-container\">\n\t\t\t\t\t<div class=\"elementor-button-wrapper\">\n\t\t\t<a class=\"elementor-button elementor-button-link elementor-size-sm\" href=\"https:\/\/dev.h-tag.ch\/kontakt\/\">\n\t\t\t\t\t\t<span class=\"elementor-button-content-wrapper\">\n\t\t\t\t\t\t<span class=\"elementor-button-text\">Contactez-nous<\/span>\n\t\t<\/span>\n\t\t\t\t\t<\/a>\n\t\t<\/div>\n\t\t\t\t<\/div>\n\t\t\t\t<\/div>\n\t\t\t\t<\/div>\n\t\t\t\t<\/div>\n\t\t\t\t\t\t\t<\/div>\n\t\t","protected":false},"excerpt":{"rendered":"<p>\u00e9tudes de faisabilit\u00e9 Nous posons les bonnes questions H\u00e4usermann Taskmanagement proc\u00e8de \u00e0 des \u00e9tudes de faisabilit\u00e9 dans toutes les r\u00e8gles de l&rsquo;art. C&rsquo;est pourquoi nous attachons une grande importance \u00e0 d\u00e9finir clairement les crit\u00e8res et les priorit\u00e9s d\u00e8s le d\u00e9part. Nous garantissons ainsi de mani\u00e8re optimale \u00e0 la fois la pond\u00e9ration des avantages et des [&hellip;]<\/p>\n","protected":false},"author":1,"featured_media":0,"parent":0,"menu_order":0,"comment_status":"closed","ping_status":"closed","template":"elementor_header_footer","meta":{"footnotes":""},"class_list":["post-664","page","type-page","status-publish","hentry"],"yoast_head":"<!-- This site is optimized with the Yoast SEO plugin v21.2 - https:\/\/yoast.com\/wordpress\/plugins\/seo\/ -->\n<title>\u00e9tudes de faisabilit\u00e9 - H\u00e4usermann Taskmanagement AG<\/title>\n<meta name=\"robots\" content=\"noindex, follow, max-snippet:-1, max-image-preview:large, max-video-preview:-1\" \/>\n<meta property=\"og:locale\" content=\"fr_FR\" \/>\n<meta property=\"og:type\" content=\"article\" \/>\n<meta property=\"og:title\" content=\"\u00e9tudes de faisabilit\u00e9 - H\u00e4usermann Taskmanagement AG\" \/>\n<meta property=\"og:description\" content=\"\u00e9tudes de faisabilit\u00e9 Nous posons les bonnes questions H\u00e4usermann Taskmanagement proc\u00e8de \u00e0 des \u00e9tudes de faisabilit\u00e9 dans toutes les r\u00e8gles de l&rsquo;art. C&rsquo;est pourquoi nous attachons une grande importance \u00e0 d\u00e9finir clairement les crit\u00e8res et les priorit\u00e9s d\u00e8s le d\u00e9part. Nous garantissons ainsi de mani\u00e8re optimale \u00e0 la fois la pond\u00e9ration des avantages et des [&hellip;]\" \/>\n<meta property=\"og:url\" content=\"https:\/\/dev.h-tag.ch\/fr\/etudes-de-faisabilite\/\" \/>\n<meta property=\"og:site_name\" content=\"H\u00e4usermann Taskmanagement AG\" \/>\n<meta property=\"article:modified_time\" content=\"2023-09-22T13:54:54+00:00\" \/>\n<meta name=\"twitter:card\" content=\"summary_large_image\" \/>\n<meta name=\"twitter:label1\" content=\"Dur\u00e9e de lecture estim\u00e9e\" \/>\n\t<meta name=\"twitter:data1\" content=\"1 minute\" \/>\n<script type=\"application\/ld+json\" class=\"yoast-schema-graph\">{\"@context\":\"https:\/\/schema.org\",\"@graph\":[{\"@type\":\"WebPage\",\"@id\":\"https:\/\/dev.h-tag.ch\/fr\/etudes-de-faisabilite\/\",\"url\":\"https:\/\/dev.h-tag.ch\/fr\/etudes-de-faisabilite\/\",\"name\":\"\u00e9tudes de faisabilit\u00e9 - H\u00e4usermann Taskmanagement AG\",\"isPartOf\":{\"@id\":\"https:\/\/dev.h-tag.ch\/fr\/#website\"},\"datePublished\":\"2023-09-20T15:22:07+00:00\",\"dateModified\":\"2023-09-22T13:54:54+00:00\",\"breadcrumb\":{\"@id\":\"https:\/\/dev.h-tag.ch\/fr\/etudes-de-faisabilite\/#breadcrumb\"},\"inLanguage\":\"fr-FR\",\"potentialAction\":[{\"@type\":\"ReadAction\",\"target\":[\"https:\/\/dev.h-tag.ch\/fr\/etudes-de-faisabilite\/\"]}]},{\"@type\":\"BreadcrumbList\",\"@id\":\"https:\/\/dev.h-tag.ch\/fr\/etudes-de-faisabilite\/#breadcrumb\",\"itemListElement\":[{\"@type\":\"ListItem\",\"position\":1,\"name\":\"Startseite\",\"item\":\"https:\/\/dev.h-tag.ch\/fr\/haeusermann-taskmanagement\/\"},{\"@type\":\"ListItem\",\"position\":2,\"name\":\"\u00e9tudes de faisabilit\u00e9\"}]},{\"@type\":\"WebSite\",\"@id\":\"https:\/\/dev.h-tag.ch\/fr\/#website\",\"url\":\"https:\/\/dev.h-tag.ch\/fr\/\",\"name\":\"H\u00e4usermann Taskmanagement AG\",\"description\":\"\",\"publisher\":{\"@id\":\"https:\/\/dev.h-tag.ch\/fr\/#organization\"},\"potentialAction\":[{\"@type\":\"SearchAction\",\"target\":{\"@type\":\"EntryPoint\",\"urlTemplate\":\"https:\/\/dev.h-tag.ch\/fr\/?s={search_term_string}\"},\"query-input\":\"required name=search_term_string\"}],\"inLanguage\":\"fr-FR\"},{\"@type\":\"Organization\",\"@id\":\"https:\/\/dev.h-tag.ch\/fr\/#organization\",\"name\":\"H\u00e4usermann Taskmanagement AG\",\"url\":\"https:\/\/dev.h-tag.ch\/fr\/\",\"logo\":{\"@type\":\"ImageObject\",\"inLanguage\":\"fr-FR\",\"@id\":\"https:\/\/dev.h-tag.ch\/fr\/#\/schema\/logo\/image\/\",\"url\":\"https:\/\/dev.h-tag.ch\/wp-content\/uploads\/2023\/09\/htag-logo.png\",\"contentUrl\":\"https:\/\/dev.h-tag.ch\/wp-content\/uploads\/2023\/09\/htag-logo.png\",\"width\":1836,\"height\":502,\"caption\":\"H\u00e4usermann Taskmanagement AG\"},\"image\":{\"@id\":\"https:\/\/dev.h-tag.ch\/fr\/#\/schema\/logo\/image\/\"}}]}<\/script>\n<!-- \/ Yoast SEO plugin. -->","yoast_head_json":{"title":"\u00e9tudes de faisabilit\u00e9 - H\u00e4usermann Taskmanagement AG","robots":{"index":"noindex","follow":"follow","max-snippet":"max-snippet:-1","max-image-preview":"max-image-preview:large","max-video-preview":"max-video-preview:-1"},"og_locale":"fr_FR","og_type":"article","og_title":"\u00e9tudes de faisabilit\u00e9 - H\u00e4usermann Taskmanagement AG","og_description":"\u00e9tudes de faisabilit\u00e9 Nous posons les bonnes questions H\u00e4usermann Taskmanagement proc\u00e8de \u00e0 des \u00e9tudes de faisabilit\u00e9 dans toutes les r\u00e8gles de l&rsquo;art. C&rsquo;est pourquoi nous attachons une grande importance \u00e0 d\u00e9finir clairement les crit\u00e8res et les priorit\u00e9s d\u00e8s le d\u00e9part. Nous garantissons ainsi de mani\u00e8re optimale \u00e0 la fois la pond\u00e9ration des avantages et des [&hellip;]","og_url":"https:\/\/dev.h-tag.ch\/fr\/etudes-de-faisabilite\/","og_site_name":"H\u00e4usermann Taskmanagement AG","article_modified_time":"2023-09-22T13:54:54+00:00","twitter_card":"summary_large_image","twitter_misc":{"Dur\u00e9e de lecture estim\u00e9e":"1 minute"},"schema":{"@context":"https:\/\/schema.org","@graph":[{"@type":"WebPage","@id":"https:\/\/dev.h-tag.ch\/fr\/etudes-de-faisabilite\/","url":"https:\/\/dev.h-tag.ch\/fr\/etudes-de-faisabilite\/","name":"\u00e9tudes de faisabilit\u00e9 - H\u00e4usermann Taskmanagement AG","isPartOf":{"@id":"https:\/\/dev.h-tag.ch\/fr\/#website"},"datePublished":"2023-09-20T15:22:07+00:00","dateModified":"2023-09-22T13:54:54+00:00","breadcrumb":{"@id":"https:\/\/dev.h-tag.ch\/fr\/etudes-de-faisabilite\/#breadcrumb"},"inLanguage":"fr-FR","potentialAction":[{"@type":"ReadAction","target":["https:\/\/dev.h-tag.ch\/fr\/etudes-de-faisabilite\/"]}]},{"@type":"BreadcrumbList","@id":"https:\/\/dev.h-tag.ch\/fr\/etudes-de-faisabilite\/#breadcrumb","itemListElement":[{"@type":"ListItem","position":1,"name":"Startseite","item":"https:\/\/dev.h-tag.ch\/fr\/haeusermann-taskmanagement\/"},{"@type":"ListItem","position":2,"name":"\u00e9tudes de faisabilit\u00e9"}]},{"@type":"WebSite","@id":"https:\/\/dev.h-tag.ch\/fr\/#website","url":"https:\/\/dev.h-tag.ch\/fr\/","name":"H\u00e4usermann Taskmanagement AG","description":"","publisher":{"@id":"https:\/\/dev.h-tag.ch\/fr\/#organization"},"potentialAction":[{"@type":"SearchAction","target":{"@type":"EntryPoint","urlTemplate":"https:\/\/dev.h-tag.ch\/fr\/?s={search_term_string}"},"query-input":"required name=search_term_string"}],"inLanguage":"fr-FR"},{"@type":"Organization","@id":"https:\/\/dev.h-tag.ch\/fr\/#organization","name":"H\u00e4usermann Taskmanagement AG","url":"https:\/\/dev.h-tag.ch\/fr\/","logo":{"@type":"ImageObject","inLanguage":"fr-FR","@id":"https:\/\/dev.h-tag.ch\/fr\/#\/schema\/logo\/image\/","url":"https:\/\/dev.h-tag.ch\/wp-content\/uploads\/2023\/09\/htag-logo.png","contentUrl":"https:\/\/dev.h-tag.ch\/wp-content\/uploads\/2023\/09\/htag-logo.png","width":1836,"height":502,"caption":"H\u00e4usermann Taskmanagement AG"},"image":{"@id":"https:\/\/dev.h-tag.ch\/fr\/#\/schema\/logo\/image\/"}}]}},"_links":{"self":[{"href":"https:\/\/dev.h-tag.ch\/fr\/wp-json\/wp\/v2\/pages\/664","targetHints":{"allow":["GET"]}}],"collection":[{"href":"https:\/\/dev.h-tag.ch\/fr\/wp-json\/wp\/v2\/pages"}],"about":[{"href":"https:\/\/dev.h-tag.ch\/fr\/wp-json\/wp\/v2\/types\/page"}],"author":[{"embeddable":true,"href":"https:\/\/dev.h-tag.ch\/fr\/wp-json\/wp\/v2\/users\/1"}],"replies":[{"embeddable":true,"href":"https:\/\/dev.h-tag.ch\/fr\/wp-json\/wp\/v2\/comments?post=664"}],"version-history":[{"count":1,"href":"https:\/\/dev.h-tag.ch\/fr\/wp-json\/wp\/v2\/pages\/664\/revisions"}],"predecessor-version":[{"id":665,"href":"https:\/\/dev.h-tag.ch\/fr\/wp-json\/wp\/v2\/pages\/664\/revisions\/665"}],"wp:attachment":[{"href":"https:\/\/dev.h-tag.ch\/fr\/wp-json\/wp\/v2\/media?parent=664"}],"curies":[{"name":"wp","href":"https:\/\/api.w.org\/{rel}","templated":true}]}}